{"id":1028,"date":"2017-11-16T20:30:05","date_gmt":"2017-11-16T20:30:05","guid":{"rendered":"http:\/\/laprovidenciaovalle.cl\/colegio\/?page_id=1028"},"modified":"2022-10-20T09:29:08","modified_gmt":"2022-10-20T12:29:08","slug":"historia","status":"publish","type":"page","link":"http:\/\/laprovidenciaovalle.cl\/colegio\/colegio-info\/historia\/","title":{"rendered":"Historia"},"content":{"rendered":"<p>[vc_row][vc_column width=&#8221;2\/3&#8243; css=&#8221;.vc_custom_1459847851524{margin-bottom: 0px !important;}&#8221;][vc_custom_heading text=&#8221;Rese\u00f1a Hist\u00f3rica del Colegio&#8221; font_container=&#8221;tag:h4|text_align:left&#8221; use_theme_fonts=&#8221;yes&#8221;][vc_column_text css=&#8221;.vc_custom_1533133925324{padding-right: 10px !important;}&#8221;]<\/p>\n<p class=\"Estilo48\" style=\"text-align: left;\" align=\"justify\">Don Onofre Covarrubias, recientemente viudo y que pod\u00eda disponer de sus bienes por no haber sucesi\u00f3n, resolvi\u00f3 fundar una casa de hu\u00e9rfanos, ayudado por otros caballeros respetables y tan caritativos como \u00e9l.<\/p>\n<p class=\"Estilo48\" style=\"text-align: left;\" align=\"justify\">Por medio de una escritura p\u00fablica, don Onofre Covarrubias se comprometi\u00f3 a dar diez mil pesos, mientras que los se\u00f1ores Jos\u00e9 Toyos y Carlos Castex, dos mil pesos cada uno y don Antonio Villal\u00f3n, mil pesos, todo esto para financiar la hermosa obra que ten\u00edan en mente.<\/p>\n<p class=\"Estilo48\" style=\"text-align: left;\" align=\"justify\">La se\u00f1ora Carolina Ossa de Ossa da una manzana de terreno y el se\u00f1or Covarrubias se compromet\u00eda a dar anualmente dos mil pesos para alimentos y en una cl\u00e1usula transitoria legaba su fundo de Carachilla y la mitad de la Hacienda Santa Luc\u00eda.<\/p>\n<p class=\"Estilo48\" style=\"text-align: left;\" align=\"justify\">Nuestra Reverenda Madre Superiora General confiri\u00f3 poder a Sor Mar\u00eda Filomena Mery y en agosto de 1906 se extendieron y firmaron las correspondientes escrituras.<\/p>\n<p class=\"Estilo48\" style=\"text-align: left;\" align=\"justify\">El Consejo General, nombr\u00f3 a Sor Mar\u00eda Celia Bascu\u00f1\u00e1n, entonces primera Asistente General, para que abriera la nueva Casa de hu\u00e9rfanos. Sor Teresa de Jes\u00fas Valenzuela y Sor Mar\u00eda Espinosa le fueron asignadas como compa\u00f1eras. En Ovalle las Hermanas eran conocidas ya, as\u00ed que fueron recibidas con sinceras manifestaciones de cari\u00f1o.<\/p>\n<p class=\"Estilo48\" style=\"text-align: left;\" align=\"justify\">En Ovalle, el d\u00eda 25 de noviembre de 1906, el departamento de la Provincia de Coquimbo, siendo Presidente de la Naci\u00f3n el Excelent\u00edsimo se\u00f1or Don Pedro Montt;\u00a0 el obispo de la\u00a0 Di\u00f3cesis de La Serena, el Ilustr\u00edsimo se\u00f1or Don Florencio Fontecilla y Gobernador del Departamento, el se\u00f1or Emiliano Corval\u00e1n Melgarejo. El se\u00f1or cura y Vicario for\u00e1neo de Ovalle, Presb\u00edtero Don Jos\u00e9 Gabriel Cortes, autorizado competentemente por el Ilustr\u00edsimo Se\u00f1or obispo de la Di\u00f3cesis Don Florencio Fontecilla, bendijo con las ceremonias prescritas por el ritual romano esta primera piedra regida por la Congregaci\u00f3n de la Providencia de Chile, dedicada a Nuestra Se\u00f1ora de Dolores y al Se\u00f1or San Jos\u00e9.<\/p>\n<p class=\"Estilo48\" style=\"text-align: left;\" align=\"justify\">Este acto se realiz\u00f3 en presencia de un pueblo numeroso, siendo padrino de honor el Se\u00f1or Don Onofre Covarrubias y la Se\u00f1ora Carolina Ossa de Ossa, fundadores de esta casa de hu\u00e9rfanos junto a los se\u00f1ores Jos\u00e9 Toyos y Carlos Castex, bienhechores y dem\u00e1s padrinos.<\/p>\n<p>[\/vc_column_text][\/vc_column][vc_column width=&#8221;1\/3&#8243;][vc_single_image image=&#8221;1105&#8243; img_size=&#8221;full&#8221; onclick=&#8221;link_image&#8221;][\/vc_column][\/vc_row][vc_row][vc_column width=&#8221;2\/3&#8243;][vc_column_text css=&#8221;.vc_custom_1532368131238{padding-right: 10px !important;}&#8221;]<\/p>\n<p class=\"Estilo48\" style=\"text-align: left;\" align=\"justify\">Poco a poco fue creciendo esta obra y fueron cambiando las circunstancias hist\u00f3ricas que dieron origen a tan noble misi\u00f3n. Fue necesario no solo acoger y dar cari\u00f1o, sino, adem\u00e1s entregarles\u00a0 una educaci\u00f3n integral, haci\u00e9ndolas id\u00f3neas para desempe\u00f1arse seria y responsablemente frente a la sociedad, a aquellas j\u00f3venes que por razones de ruralidad, problemas econ\u00f3micos y con deseos de obtener un t\u00edtulo profesional, acudieran a este alero materno.<\/p>\n<p class=\"Estilo48\" style=\"text-align: left;\" align=\"justify\">En 1959, la Madre Magdalena Menchaca Lira y la Madre San Francisco Javier Ortega Roa, aunaron esfuerzos para crear una Escuela T\u00e9cnica, la que fue reconocida oficialmente , a trav\u00e9s del Decreto Cooperador N\u00b0 18.781 con fecha 17 de Diciembre de 1962, como\u00a0 Escuela T\u00e9cnica Particular \u201c La Providencia\u201d, con niveles de Ense\u00f1anza Media Cient\u00edfico-Humanista y Ense\u00f1anza Media T\u00e9cnico-Profesional..<\/p>\n<p style=\"text-align: left;\">El 10 de Noviembre de 1970 es reconocido oficialmente por el MINEDUC, seg\u00fan Decreto Cooperador N\u00b029.925 el Instituto Comercial Particular \u201c La Providencia\u201d, con los niveles H.C.\u00a0 y T.P., ambas escuelas funcionaban en la misma dependencia.<\/p>\n<p class=\"Estilo48\" style=\"text-align: left;\" align=\"justify\">El 19 de Agosto de 1985 se extendi\u00f3 un nuevo Decreto Cooperador de la funci\u00f3n Educacional del Estado, N\u00b0 0893 , el que fusionaba las dos\u00a0 Escuelas, pas\u00e1ndose a llamar Colegio &#8220;La Providencia N\u00b0 106 de Ovalle&#8221;. En la actualidad, los n\u00fameros fueron eliminados, denomin\u00e1ndose como Colegio &#8220;La Providencia\u201d de Ovalle.<\/p>\n<p class=\"Estilo48\" style=\"text-align: left;\" align=\"justify\">Los viejos muros de adobe y cemento que cobijaron a generaciones de alumnas, profesores y religiosas, sucumbieron ante el terremoto de 1997, raz\u00f3n por la que es\u00a0preciso reconstruir, los designios del Creador se centran en el Consejo Provincial de ese entonces,\u00a0 quienes tendr\u00e1n la dif\u00edcil misi\u00f3n de llevarla a cabo, no escatimando esfuerzos ni desvelos , con fe y una visionaria mirada so\u00f1aron y este sue\u00f1o cristalizo en el nuevo Colegio que hoy podemos admirar.<\/p>\n<p class=\"Estilo48\" style=\"text-align: left;\" align=\"justify\">Con el aporte generoso y altruista\u00a0 de las Hnas. de la Congregaci\u00f3n de La Providencia,\u00a0 benefactores y personas de buena voluntad, quienes junto a la Providencia de Dios, contribuyeron a llevar a cabo esta Obra con la\u00a0 mirada dulce y protectora de San Jos\u00e9, que nunca nos ha desamparado.,<\/p>\n<p class=\"Estilo48\" style=\"text-align: left;\" align=\"justify\">Es as\u00ed, como el 22 de Enero de 1999 se realiz\u00f3 la ceremonia de bendici\u00f3n, que cont\u00f3 con la asistencia de las m\u00e1s altas autoridades de la Congregaci\u00f3n de las Hermanas de La Providencia de Canad\u00e1, Estados Unidos y\u00a0 Chile; el Arzobispado de la Arquidi\u00f3cesis, Monse\u00f1or Manuel Donoso, Ilustres\u00a0 Senadores, Diputados y autoridades tanto regionales como comunales.<\/p>\n<p>[\/vc_column_text][\/vc_column][vc_column width=&#8221;1\/3&#8243;][vc_single_image image=&#8221;1106&#8243; img_size=&#8221;full&#8221; onclick=&#8221;link_image&#8221;][\/vc_column][\/vc_row][vc_row css=&#8221;.vc_custom_1456742899760{margin-bottom: 50px !important;}&#8221;][vc_column width=&#8221;2\/3&#8243;][vc_column_text]<\/p>\n<p class=\"Estilo48\" style=\"text-align: left;\" align=\"justify\">Hoy, impartiendo Ense\u00f1anza T\u00e9cnico-Profesional se ha convertido en un prestigioso establecimiento educacional, entregando cada a\u00f1o, nuevas profesionales seg\u00fan los requerimientos del campo laboral para nuestras alumnas a trav\u00e9s de las Especialidades de:<\/p>\n<ul>\n<li class=\"Estilo48\" style=\"text-align: left;\">T\u00e9cnico de Nivel Medio en Atenci\u00f3n de Enfermer\u00eda.<\/li>\n<li class=\"Estilo48\" style=\"text-align: left;\">T\u00e9cnico de Nivel Medio en Atenci\u00f3n de P\u00e1rvulos.<\/li>\n<li class=\"Estilo48\" style=\"text-align: left;\">T\u00e9cnico de Nivel Medio en Gastronom\u00eda.<\/li>\n<li>T\u00e9cnico de Nivel Medio en Administraci\u00f3n con menci\u00f3n en RR.HH<\/li>\n<\/ul>\n<p>[\/vc_column_text][\/vc_column][vc_column width=&#8221;1\/3&#8243;][vc_single_image image=&#8221;1464&#8243; img_size=&#8221;full&#8221; onclick=&#8221;link_image&#8221;][\/vc_column][\/vc_row]<\/p>\n","protected":false},"excerpt":{"rendered":"<p>[vc_row][vc_column width=&#8221;2\/3&#8243; css=&#8221;.vc_custom_1459847851524{margin-bottom: 0px !important;}&#8221;][vc_custom_heading text=&#8221;Rese\u00f1a Hist\u00f3rica del Colegio&#8221; font_container=&#8221;tag:h4|text_align:left&#8221; use_theme_fonts=&#8221;yes&#8221;][vc_column_text css=&#8221;.vc_custom_1533133925324{padding-right: 10px !important;}&#8221;] Don Onofre Covarrubias, recientemente viudo y que pod\u00eda disponer de sus bienes por no haber sucesi\u00f3n, resolvi\u00f3 fundar una casa de hu\u00e9rfanos, ayudado por otros caballeros respetables y tan caritativos como \u00e9l. Por medio de una escritura p\u00fablica, don Onofre Covarrubias se comprometi\u00f3 a dar diez&nbsp;<a href=\"http:\/\/laprovidenciaovalle.cl\/colegio\/colegio-info\/historia\/\">[&hellip;]<\/a><\/p>\n","protected":false},"author":2,"featured_media":0,"parent":584,"menu_order":1,"comment_status":"closed","ping_status":"closed","template":"template-sidebar-left-childpages.php","meta":[],"yoast_head":"<!-- This site is optimized with the Yoast SEO plugin v15.2 - https:\/\/yoast.com\/wordpress\/plugins\/seo\/ -->\n<title>Historia - Colegio La Providencia<\/title>\n<meta name=\"robots\" content=\"index, follow, max-snippet:-1, max-image-preview:large, max-video-preview:-1\" \/>\n<link rel=\"canonical\" href=\"https:\/\/laprovidenciaovalle.cl\/colegio\/colegio-info\/historia\/\" \/>\n<meta property=\"og:locale\" content=\"es_ES\" \/>\n<meta property=\"og:type\" content=\"article\" \/>\n<meta property=\"og:title\" content=\"Historia - Colegio La Providencia\" \/>\n<meta property=\"og:description\" content=\"[vc_row][vc_column width=&#8221;2\/3&#8243; css=&#8221;.vc_custom_1459847851524{margin-bottom: 0px !important;}&#8221;][vc_custom_heading text=&#8221;Rese\u00f1a Hist\u00f3rica del Colegio&#8221; font_container=&#8221;tag:h4|text_align:left&#8221; use_theme_fonts=&#8221;yes&#8221;][vc_column_text css=&#8221;.vc_custom_1533133925324{padding-right: 10px !important;}&#8221;] Don Onofre Covarrubias, recientemente viudo y que pod\u00eda disponer de sus bienes por no haber sucesi\u00f3n, resolvi\u00f3 fundar una casa de hu\u00e9rfanos, ayudado por otros caballeros respetables y tan caritativos como \u00e9l. Por medio de una escritura p\u00fablica, don Onofre Covarrubias se comprometi\u00f3 a dar diez&nbsp;[&hellip;]\" \/>\n<meta property=\"og:url\" content=\"https:\/\/laprovidenciaovalle.cl\/colegio\/colegio-info\/historia\/\" \/>\n<meta property=\"og:site_name\" content=\"Colegio La Providencia\" \/>\n<meta property=\"article:modified_time\" content=\"2022-10-20T12:29:08+00:00\" \/>\n<meta name=\"twitter:card\" content=\"summary_large_image\" \/>\n<meta name=\"twitter:label1\" value=\"Escrito por\">\n\t<meta name=\"twitter:data1\" value=\"Juan Tapia\">\n\t<meta name=\"twitter:label2\" value=\"Tiempo de lectura\">\n\t<meta name=\"twitter:data2\" value=\"4 minutos\">\n<script type=\"application\/ld+json\" class=\"yoast-schema-graph\">{\"@context\":\"https:\/\/schema.org\",\"@graph\":[{\"@type\":\"WebSite\",\"@id\":\"http:\/\/laprovidenciaovalle.cl\/colegio\/#website\",\"url\":\"http:\/\/laprovidenciaovalle.cl\/colegio\/\",\"name\":\"Colegio La Providencia\",\"description\":\"Ovalle\",\"potentialAction\":[{\"@type\":\"SearchAction\",\"target\":\"http:\/\/laprovidenciaovalle.cl\/colegio\/?s={search_term_string}\",\"query-input\":\"required name=search_term_string\"}],\"inLanguage\":\"es\"},{\"@type\":\"WebPage\",\"@id\":\"https:\/\/laprovidenciaovalle.cl\/colegio\/colegio-info\/historia\/#webpage\",\"url\":\"https:\/\/laprovidenciaovalle.cl\/colegio\/colegio-info\/historia\/\",\"name\":\"Historia - Colegio La Providencia\",\"isPartOf\":{\"@id\":\"http:\/\/laprovidenciaovalle.cl\/colegio\/#website\"},\"datePublished\":\"2017-11-16T20:30:05+00:00\",\"dateModified\":\"2022-10-20T12:29:08+00:00\",\"inLanguage\":\"es\",\"potentialAction\":[{\"@type\":\"ReadAction\",\"target\":[\"https:\/\/laprovidenciaovalle.cl\/colegio\/colegio-info\/historia\/\"]}]}]}<\/script>\n<!-- \/ Yoast SEO plugin. -->","_links":{"self":[{"href":"http:\/\/laprovidenciaovalle.cl\/colegio\/wp-json\/wp\/v2\/pages\/1028"}],"collection":[{"href":"http:\/\/laprovidenciaovalle.cl\/colegio\/wp-json\/wp\/v2\/pages"}],"about":[{"href":"http:\/\/laprovidenciaovalle.cl\/colegio\/wp-json\/wp\/v2\/types\/page"}],"author":[{"embeddable":true,"href":"http:\/\/laprovidenciaovalle.cl\/colegio\/wp-json\/wp\/v2\/users\/2"}],"replies":[{"embeddable":true,"href":"http:\/\/laprovidenciaovalle.cl\/colegio\/wp-json\/wp\/v2\/comments?post=1028"}],"version-history":[{"count":25,"href":"http:\/\/laprovidenciaovalle.cl\/colegio\/wp-json\/wp\/v2\/pages\/1028\/revisions"}],"predecessor-version":[{"id":7620,"href":"http:\/\/laprovidenciaovalle.cl\/colegio\/wp-json\/wp\/v2\/pages\/1028\/revisions\/7620"}],"up":[{"embeddable":true,"href":"http:\/\/laprovidenciaovalle.cl\/colegio\/wp-json\/wp\/v2\/pages\/584"}],"wp:attachment":[{"href":"http:\/\/laprovidenciaovalle.cl\/colegio\/wp-json\/wp\/v2\/media?parent=1028"}],"curies":[{"name":"wp","href":"https:\/\/api.w.org\/{rel}","templated":true}]}}