{"id":1143,"date":"2017-12-05T21:11:23","date_gmt":"2017-12-05T21:11:23","guid":{"rendered":"http:\/\/laprovidenciaovalle.cl\/colegio\/?page_id=1143"},"modified":"2023-06-26T23:14:40","modified_gmt":"2023-06-27T03:14:40","slug":"inspectoria","status":"publish","type":"page","link":"http:\/\/laprovidenciaovalle.cl\/colegio\/colegio-info\/areas\/inspectoria\/","title":{"rendered":"Inspector\u00eda General"},"content":{"rendered":"<p>[vc_row 0=&#8221;&#8221;][vc_column 0=&#8221;&#8221;][vc_single_image image=&#8221;10952&#8243; img_size=&#8221;full&#8221; add_caption=&#8221;yes&#8221; onclick=&#8221;link_image&#8221; title=&#8221;Equipo de Inspector\u00eda General&#8221;][\/vc_column][\/vc_row][vc_row 0=&#8221;&#8221;][vc_column 0=&#8221;&#8221;][vc_column_text 0=&#8221;&#8221;]<\/p>\n<h3>Inspectora General<\/h3>\n<p>Sra. Laura Rojas<\/p>\n<h3>Inspectora\u00a0 7\u00b0 y 1\u00ba Nivel<\/h3>\n<p>Katherine Robles<\/p>\n<h3>Inspectora 8\u00ba y 2\u00b0 Nivel<\/h3>\n<p>Sra. Fabiola Araya Vel\u00e1squez<\/p>\n<h3>Inspectora 3\u00ba Nivel<\/h3>\n<p>Sra. M\u00e9lida Fern\u00e1ndez Cort\u00e9s<\/p>\n<h3>Inspectora 4\u00ba Nivel<\/h3>\n<p>Sra. Karen Araya<\/p>\n<p><strong>Atenci\u00f3n de Apoderados<\/strong><\/p>\n<p>Sra. Cecilia Leiva y Carla Araya<\/p>\n<p>Inspector\u00eda General est\u00e1 a cargo de la docente, Laura Rojas , responsable de la disciplina del Colegio, permitiendo que el proceso educativo se realice en un \u00e1mbito de orden, respeto, armon\u00eda, sana convivencia y bienestar, necesarios para el logro de m\u00e1s y mejores resultados acad\u00e9micos y formativos.<br \/>\nEn el desempe\u00f1o de sus funciones ha de procurar la oportuna informaci\u00f3n, comunicaci\u00f3n, integraci\u00f3n y lealtad hacia la Direcci\u00f3n, Comunidad Educativa y religiosa.<\/p>\n<p><strong>Las funciones que debe desarrollar contemplan:<\/strong><\/p>\n<ul>\n<li>Animar a la Comunidad Educativa haciendo de ella un lugar de encuentro que facilite el crecimiento personal y comunitario de todos sus integrantes.<\/li>\n<li>Desempe\u00f1ar sus funciones con fidelidad a la identidad del Colegio y compromiso con el PEI.<\/li>\n<li>Colaborar con los docentes en la promoci\u00f3n de la disciplina entre sus estudiantes, a trav\u00e9s de la adquisici\u00f3n de h\u00e1bitos de puntualidad, respeto, convivencia arm\u00f3nica.<\/li>\n<li>Supervisar el cumplimiento del horario del personal docente y asistentes de la educaci\u00f3n, registro de asistencia e inasistencias de las estudiantes en los libros de clases, registro de materia, reemplazo de profesores haciendo presente las anormalidades al docente involucrado y dando cuenta oportuna de los casos reiterativos y graves a la Direcci\u00f3n del Colegio.<\/li>\n<li>Administrar y generar procesos educativos en la formaci\u00f3n maternal, recepci\u00f3n y despedida diaria de las estudiantes, horas de colaci\u00f3n, recreos, problemas disciplinarios, atrasos, comportamiento de las estudiantes dentro y fuera del colegio, comunicaciones a los padres, madres y apoderados, entrevista y reuniones con apoderados, \u00fatiles y objetos extraviados, aplicando en todo momento la normativa interna vigente.<\/li>\n<li>Llevar un registro de las actividades del d\u00eda (bit\u00e1cora).<\/li>\n<li>Administrar formularios y libros de uso diario: permisos, asistencia diaria de profesores, retiro de alumnas.<\/li>\n<li>Planificar y coordinar proceso de matr\u00edcula.<\/li>\n<li>Participar en la elaboraci\u00f3n del Cronograma Anual de las actividades del Colegio.<\/li>\n<li>Coordinar semanalmente con el Equipo de Gesti\u00f3n el desarrollo de las actividades del Colegio.<\/li>\n<li>Mantener al d\u00eda el archivo del inventario del colegio en la compa\u00f1\u00eda de la Secretaria Administrativa.<\/li>\n<li>Disponer las horas del Control de Asistencia de apoderados a las reuniones de Sub centros y de docentes al Consejo de Profesores.<\/li>\n<li>Entregar a la Direcci\u00f3n su opini\u00f3n respecto al ingreso y alejamiento de estudiantes hacia y desde el Colegio.<\/li>\n<li>Integrar la comisi\u00f3n de Becas.<\/li>\n<li>Otros.<\/li>\n<\/ul>\n<p>[\/vc_column_text][\/vc_column][\/vc_row]<\/p>\n","protected":false},"excerpt":{"rendered":"<p>[vc_row 0=&#8221;&#8221;][vc_column 0=&#8221;&#8221;][vc_single_image image=&#8221;10952&#8243; img_size=&#8221;full&#8221; add_caption=&#8221;yes&#8221; onclick=&#8221;link_image&#8221; title=&#8221;Equipo de Inspector\u00eda General&#8221;][\/vc_column][\/vc_row][vc_row 0=&#8221;&#8221;][vc_column 0=&#8221;&#8221;][vc_column_text 0=&#8221;&#8221;] Inspectora General Sra. Laura Rojas Inspectora\u00a0 7\u00b0 y 1\u00ba Nivel Katherine Robles Inspectora 8\u00ba y 2\u00b0 Nivel Sra. Fabiola Araya Vel\u00e1squez Inspectora 3\u00ba Nivel Sra. M\u00e9lida Fern\u00e1ndez Cort\u00e9s Inspectora 4\u00ba Nivel Sra. Karen Araya Atenci\u00f3n de Apoderados Sra. Cecilia Leiva y Carla Araya Inspector\u00eda General est\u00e1&nbsp;<a href=\"http:\/\/laprovidenciaovalle.cl\/colegio\/colegio-info\/areas\/inspectoria\/\">[&hellip;]<\/a><\/p>\n","protected":false},"author":2,"featured_media":0,"parent":1791,"menu_order":1,"comment_status":"closed","ping_status":"closed","template":"template-sidebar-left-childpages.php","meta":[],"yoast_head":"<!-- This site is optimized with the Yoast SEO plugin v15.2 - https:\/\/yoast.com\/wordpress\/plugins\/seo\/ -->\n<title>Inspector\u00eda General - Colegio La Providencia<\/title>\n<meta name=\"robots\" content=\"index, follow, max-snippet:-1, max-image-preview:large, max-video-preview:-1\" \/>\n<link rel=\"canonical\" href=\"https:\/\/laprovidenciaovalle.cl\/colegio\/colegio-info\/areas\/inspectoria\/\" \/>\n<meta property=\"og:locale\" content=\"es_ES\" \/>\n<meta property=\"og:type\" content=\"article\" \/>\n<meta property=\"og:title\" content=\"Inspector\u00eda General - Colegio La Providencia\" \/>\n<meta property=\"og:description\" content=\"[vc_row 0=&#8221;&#8221;][vc_column 0=&#8221;&#8221;][vc_single_image image=&#8221;10952&#8243; img_size=&#8221;full&#8221; add_caption=&#8221;yes&#8221; onclick=&#8221;link_image&#8221; title=&#8221;Equipo de Inspector\u00eda General&#8221;][\/vc_column][\/vc_row][vc_row 0=&#8221;&#8221;][vc_column 0=&#8221;&#8221;][vc_column_text 0=&#8221;&#8221;] Inspectora General Sra. Laura Rojas Inspectora\u00a0 7\u00b0 y 1\u00ba Nivel Katherine Robles Inspectora 8\u00ba y 2\u00b0 Nivel Sra. Fabiola Araya Vel\u00e1squez Inspectora 3\u00ba Nivel Sra. M\u00e9lida Fern\u00e1ndez Cort\u00e9s Inspectora 4\u00ba Nivel Sra. Karen Araya Atenci\u00f3n de Apoderados Sra. Cecilia Leiva y Carla Araya Inspector\u00eda General est\u00e1&nbsp;[&hellip;]\" \/>\n<meta property=\"og:url\" content=\"https:\/\/laprovidenciaovalle.cl\/colegio\/colegio-info\/areas\/inspectoria\/\" \/>\n<meta property=\"og:site_name\" content=\"Colegio La Providencia\" \/>\n<meta property=\"article:modified_time\" content=\"2023-06-27T03:14:40+00:00\" \/>\n<meta name=\"twitter:card\" content=\"summary_large_image\" \/>\n<meta name=\"twitter:label1\" value=\"Escrito por\">\n\t<meta name=\"twitter:data1\" value=\"Juan Tapia\">\n\t<meta name=\"twitter:label2\" value=\"Tiempo de lectura\">\n\t<meta name=\"twitter:data2\" value=\"2 minutos\">\n<script type=\"application\/ld+json\" class=\"yoast-schema-graph\">{\"@context\":\"https:\/\/schema.org\",\"@graph\":[{\"@type\":\"WebSite\",\"@id\":\"http:\/\/laprovidenciaovalle.cl\/colegio\/#website\",\"url\":\"http:\/\/laprovidenciaovalle.cl\/colegio\/\",\"name\":\"Colegio La Providencia\",\"description\":\"Ovalle\",\"potentialAction\":[{\"@type\":\"SearchAction\",\"target\":\"http:\/\/laprovidenciaovalle.cl\/colegio\/?s={search_term_string}\",\"query-input\":\"required name=search_term_string\"}],\"inLanguage\":\"es\"},{\"@type\":\"WebPage\",\"@id\":\"https:\/\/laprovidenciaovalle.cl\/colegio\/colegio-info\/areas\/inspectoria\/#webpage\",\"url\":\"https:\/\/laprovidenciaovalle.cl\/colegio\/colegio-info\/areas\/inspectoria\/\",\"name\":\"Inspector\\u00eda General - Colegio La Providencia\",\"isPartOf\":{\"@id\":\"http:\/\/laprovidenciaovalle.cl\/colegio\/#website\"},\"datePublished\":\"2017-12-05T21:11:23+00:00\",\"dateModified\":\"2023-06-27T03:14:40+00:00\",\"inLanguage\":\"es\",\"potentialAction\":[{\"@type\":\"ReadAction\",\"target\":[\"https:\/\/laprovidenciaovalle.cl\/colegio\/colegio-info\/areas\/inspectoria\/\"]}]}]}<\/script>\n<!-- \/ Yoast SEO plugin. -->","_links":{"self":[{"href":"http:\/\/laprovidenciaovalle.cl\/colegio\/wp-json\/wp\/v2\/pages\/1143"}],"collection":[{"href":"http:\/\/laprovidenciaovalle.cl\/colegio\/wp-json\/wp\/v2\/pages"}],"about":[{"href":"http:\/\/laprovidenciaovalle.cl\/colegio\/wp-json\/wp\/v2\/types\/page"}],"author":[{"embeddable":true,"href":"http:\/\/laprovidenciaovalle.cl\/colegio\/wp-json\/wp\/v2\/users\/2"}],"replies":[{"embeddable":true,"href":"http:\/\/laprovidenciaovalle.cl\/colegio\/wp-json\/wp\/v2\/comments?post=1143"}],"version-history":[{"count":17,"href":"http:\/\/laprovidenciaovalle.cl\/colegio\/wp-json\/wp\/v2\/pages\/1143\/revisions"}],"predecessor-version":[{"id":10955,"href":"http:\/\/laprovidenciaovalle.cl\/colegio\/wp-json\/wp\/v2\/pages\/1143\/revisions\/10955"}],"up":[{"embeddable":true,"href":"http:\/\/laprovidenciaovalle.cl\/colegio\/wp-json\/wp\/v2\/pages\/1791"}],"wp:attachment":[{"href":"http:\/\/laprovidenciaovalle.cl\/colegio\/wp-json\/wp\/v2\/media?parent=1143"}],"curies":[{"name":"wp","href":"https:\/\/api.w.org\/{rel}","templated":true}]}}