{"id":1253,"date":"2017-12-15T14:50:17","date_gmt":"2017-12-15T14:50:17","guid":{"rendered":"http:\/\/laprovidenciaovalle.cl\/colegio\/?page_id=1253"},"modified":"2023-06-26T23:37:16","modified_gmt":"2023-06-27T03:37:16","slug":"cra","status":"publish","type":"page","link":"http:\/\/laprovidenciaovalle.cl\/colegio\/colegio-info\/areas\/cra\/","title":{"rendered":"CRA"},"content":{"rendered":"<p>[vc_row][vc_column][vc_column_text]<\/p>\n<h2><img loading=\"lazy\" class=\"alignnone wp-image-9872 size-large\" src=\"http:\/\/laprovidenciaovalle.cl\/colegio\/wp-content\/uploads\/2023\/04\/20230406_083452-1-1024x768.jpg\" alt=\"\" width=\"1024\" height=\"768\" srcset=\"http:\/\/laprovidenciaovalle.cl\/colegio\/wp-content\/uploads\/2023\/04\/20230406_083452-1-1024x768.jpg 1024w, http:\/\/laprovidenciaovalle.cl\/colegio\/wp-content\/uploads\/2023\/04\/20230406_083452-1-300x225.jpg 300w, http:\/\/laprovidenciaovalle.cl\/colegio\/wp-content\/uploads\/2023\/04\/20230406_083452-1-768x576.jpg 768w, http:\/\/laprovidenciaovalle.cl\/colegio\/wp-content\/uploads\/2023\/04\/20230406_083452-1-1536x1152.jpg 1536w, http:\/\/laprovidenciaovalle.cl\/colegio\/wp-content\/uploads\/2023\/04\/20230406_083452-1-2048x1536.jpg 2048w, http:\/\/laprovidenciaovalle.cl\/colegio\/wp-content\/uploads\/2023\/04\/20230406_083452-1-150x113.jpg 150w\" sizes=\"(max-width: 1024px) 100vw, 1024px\" \/><\/h2>\n<h2>Centro de Recursos para el Aprendizaje (CRA)<\/h2>\n<p>Equipo a cargo de la Sra. Patricia Tapia, docente de Ingl\u00e9s, cuya responsabilidad es apoyar completamente el proceso ense\u00f1anza-aprendizaje, a trav\u00e9s de acciones que permitan un mayor y mejor uso de los recursos educativos, tecnol\u00f3gicos, audiovisuales y bibliogr\u00e1ficos.<br \/>\nSus funciones son:<\/p>\n<ul>\n<li>Animar a la Comunidad Educativa para que sea un lugar de encuentro y acogida y facilite el crecimiento personal y comunitario de cada una de sus integrantes.<\/li>\n<li>Servicio al aula: pr\u00e9stamo de recursos y material para el proceso de ense\u00f1anza y aprendizaje en el aula.<\/li>\n<li>Pr\u00e9stamo a domicilio: servicio que permite a los usuarios pedir en pr\u00e9stamo materiales de la colecci\u00f3n por un periodo determinado de tiempo.<\/li>\n<li>Pr\u00e9stamo interbibliotecario: servicio cooperativo entre bibliotecas con el fin de complementar la colecci\u00f3n propia.<\/li>\n<li>Servicio de consulta o referencia: este servicio considera la orientaci\u00f3n de los usuarios en la b\u00fasqueda de material complementario de apoyo para la labor pedag\u00f3gica. Este bien puede incluir un servicio de difusi\u00f3n selectiva de informaci\u00f3n (DSI) para diversos miembros de la comunidad educativa. Esto es, un servicio que peri\u00f3dicamente env\u00ede a los usuarios una selecci\u00f3n de informaci\u00f3n a trav\u00e9s de referencias bibliogr\u00e1ficas, seleccionada en relaci\u00f3n con un tema solicitado por el usuario y de acuerdo con su perfil.<\/li>\n<li>Motivar a las estudiantes a la lectura e investigaci\u00f3n.<\/li>\n<li>\u00a0Ayudar a ubicar el material buscado.<\/li>\n<li>Mantener un ambiente adecuado para la lectura.<\/li>\n<li>Trabajar para que la circulaci\u00f3n del material sea expedita.<\/li>\n<li>Mantener la colecci\u00f3n bien clasificada y en buen estado.<\/li>\n<\/ul>\n<p>Equipo CRA: Patricia Tapia -Nelly Garc\u00eda &#8211; Ignacio Aguilera.[\/vc_column_text][\/vc_column][\/vc_row]<\/p>\n","protected":false},"excerpt":{"rendered":"<p>[vc_row][vc_column][vc_column_text] Centro de Recursos para el Aprendizaje (CRA) Equipo a cargo de la Sra. Patricia Tapia, docente de Ingl\u00e9s, cuya responsabilidad es apoyar completamente el proceso ense\u00f1anza-aprendizaje, a trav\u00e9s de acciones que permitan un mayor y mejor uso de los recursos educativos, tecnol\u00f3gicos, audiovisuales y bibliogr\u00e1ficos. Sus funciones son: Animar a la Comunidad Educativa para que sea un lugar de&nbsp;<a href=\"http:\/\/laprovidenciaovalle.cl\/colegio\/colegio-info\/areas\/cra\/\">[&hellip;]<\/a><\/p>\n","protected":false},"author":2,"featured_media":1498,"parent":1791,"menu_order":8,"comment_status":"closed","ping_status":"closed","template":"template-sidebar-left-childpages.php","meta":[],"yoast_head":"<!-- This site is optimized with the Yoast SEO plugin v15.2 - https:\/\/yoast.com\/wordpress\/plugins\/seo\/ -->\n<title>CRA - Colegio La Providencia<\/title>\n<meta name=\"robots\" content=\"index, follow, max-snippet:-1, max-image-preview:large, max-video-preview:-1\" \/>\n<link rel=\"canonical\" href=\"http:\/\/laprovidenciaovalle.cl\/colegio\/colegio-info\/areas\/cra\/\" \/>\n<meta property=\"og:locale\" content=\"es_ES\" \/>\n<meta property=\"og:type\" content=\"article\" \/>\n<meta property=\"og:title\" content=\"CRA - Colegio La Providencia\" \/>\n<meta property=\"og:description\" content=\"[vc_row][vc_column][vc_column_text] Centro de Recursos para el Aprendizaje (CRA) Equipo a cargo de la Sra. Patricia Tapia, docente de Ingl\u00e9s, cuya responsabilidad es apoyar completamente el proceso ense\u00f1anza-aprendizaje, a trav\u00e9s de acciones que permitan un mayor y mejor uso de los recursos educativos, tecnol\u00f3gicos, audiovisuales y bibliogr\u00e1ficos. Sus funciones son: Animar a la Comunidad Educativa para que sea un lugar de&nbsp;[&hellip;]\" \/>\n<meta property=\"og:url\" content=\"http:\/\/laprovidenciaovalle.cl\/colegio\/colegio-info\/areas\/cra\/\" \/>\n<meta property=\"og:site_name\" content=\"Colegio La Providencia\" \/>\n<meta property=\"article:modified_time\" content=\"2023-06-27T03:37:16+00:00\" \/>\n<meta property=\"og:image\" content=\"http:\/\/laprovidenciaovalle.cl\/colegio\/wp-content\/uploads\/2018\/03\/ProvidenciaOvalle-3.jpg\" \/>\n\t<meta property=\"og:image:width\" content=\"3455\" \/>\n\t<meta property=\"og:image:height\" content=\"2303\" \/>\n<meta name=\"twitter:card\" content=\"summary_large_image\" \/>\n<meta name=\"twitter:label1\" value=\"Escrito por\">\n\t<meta name=\"twitter:data1\" value=\"Juan Tapia\">\n\t<meta name=\"twitter:label2\" value=\"Tiempo de lectura\">\n\t<meta name=\"twitter:data2\" value=\"1 minuto\">\n<script type=\"application\/ld+json\" class=\"yoast-schema-graph\">{\"@context\":\"https:\/\/schema.org\",\"@graph\":[{\"@type\":\"WebSite\",\"@id\":\"https:\/\/laprovidenciaovalle.cl\/colegio\/#website\",\"url\":\"https:\/\/laprovidenciaovalle.cl\/colegio\/\",\"name\":\"Colegio La Providencia\",\"description\":\"Ovalle\",\"potentialAction\":[{\"@type\":\"SearchAction\",\"target\":\"https:\/\/laprovidenciaovalle.cl\/colegio\/?s={search_term_string}\",\"query-input\":\"required name=search_term_string\"}],\"inLanguage\":\"es\"},{\"@type\":\"ImageObject\",\"@id\":\"http:\/\/laprovidenciaovalle.cl\/colegio\/colegio-info\/areas\/cra\/#primaryimage\",\"inLanguage\":\"es\",\"url\":\"http:\/\/laprovidenciaovalle.cl\/colegio\/wp-content\/uploads\/2018\/03\/ProvidenciaOvalle-3.jpg\",\"width\":3455,\"height\":2303},{\"@type\":\"WebPage\",\"@id\":\"http:\/\/laprovidenciaovalle.cl\/colegio\/colegio-info\/areas\/cra\/#webpage\",\"url\":\"http:\/\/laprovidenciaovalle.cl\/colegio\/colegio-info\/areas\/cra\/\",\"name\":\"CRA - Colegio La Providencia\",\"isPartOf\":{\"@id\":\"https:\/\/laprovidenciaovalle.cl\/colegio\/#website\"},\"primaryImageOfPage\":{\"@id\":\"http:\/\/laprovidenciaovalle.cl\/colegio\/colegio-info\/areas\/cra\/#primaryimage\"},\"datePublished\":\"2017-12-15T14:50:17+00:00\",\"dateModified\":\"2023-06-27T03:37:16+00:00\",\"inLanguage\":\"es\",\"potentialAction\":[{\"@type\":\"ReadAction\",\"target\":[\"http:\/\/laprovidenciaovalle.cl\/colegio\/colegio-info\/areas\/cra\/\"]}]}]}<\/script>\n<!-- \/ Yoast SEO plugin. -->","_links":{"self":[{"href":"http:\/\/laprovidenciaovalle.cl\/colegio\/wp-json\/wp\/v2\/pages\/1253"}],"collection":[{"href":"http:\/\/laprovidenciaovalle.cl\/colegio\/wp-json\/wp\/v2\/pages"}],"about":[{"href":"http:\/\/laprovidenciaovalle.cl\/colegio\/wp-json\/wp\/v2\/types\/page"}],"author":[{"embeddable":true,"href":"http:\/\/laprovidenciaovalle.cl\/colegio\/wp-json\/wp\/v2\/users\/2"}],"replies":[{"embeddable":true,"href":"http:\/\/laprovidenciaovalle.cl\/colegio\/wp-json\/wp\/v2\/comments?post=1253"}],"version-history":[{"count":8,"href":"http:\/\/laprovidenciaovalle.cl\/colegio\/wp-json\/wp\/v2\/pages\/1253\/revisions"}],"predecessor-version":[{"id":10960,"href":"http:\/\/laprovidenciaovalle.cl\/colegio\/wp-json\/wp\/v2\/pages\/1253\/revisions\/10960"}],"up":[{"embeddable":true,"href":"http:\/\/laprovidenciaovalle.cl\/colegio\/wp-json\/wp\/v2\/pages\/1791"}],"wp:featuredmedia":[{"embeddable":true,"href":"http:\/\/laprovidenciaovalle.cl\/colegio\/wp-json\/wp\/v2\/media\/1498"}],"wp:attachment":[{"href":"http:\/\/laprovidenciaovalle.cl\/colegio\/wp-json\/wp\/v2\/media?parent=1253"}],"curies":[{"name":"wp","href":"https:\/\/api.w.org\/{rel}","templated":true}]}}