{"id":1300,"date":"2017-12-28T18:22:11","date_gmt":"2017-12-28T18:22:11","guid":{"rendered":"http:\/\/laprovidenciaovalle.cl\/colegio\/?page_id=1300"},"modified":"2025-10-13T13:02:58","modified_gmt":"2025-10-13T16:02:58","slug":"internado","status":"publish","type":"page","link":"http:\/\/laprovidenciaovalle.cl\/colegio\/internado\/","title":{"rendered":"Internado"},"content":{"rendered":"<p>[vc_row][vc_column width=&#8221;2\/3&#8243;][vc_column_text]El Internado est\u00e1 ubicado dentro del edificio del Colegio junto a la comunidad de las Hermanas de la Providencia, recibe a 150 j\u00f3venes que viven en lugares alejados\u00a0 que les dificulta viajar todos los d\u00edas para cumplir su sue\u00f1o de recibir un t\u00edtulo T\u00e9cnico Profesional. Algunas j\u00f3venes vienen desde pueblos rurales de las diferentes comunas de Ovalle, Monte Patria, Punitaqui, Combarbal\u00e1, R\u00edo Hurtado, Coquimbo, La Serena y Canela.<\/p>\n<p>EL edificio de tres pisos cuenta con tres dormitorios de 50 camas cada uno, duchas, ba\u00f1os, casilleros para cada alumna, dormitorios para inspectoras de turno, comedor y cocina.<\/p>\n<p>El equipo a cargo del cuidado es de 5 inspectoras, cuya misi\u00f3n es conocer a las j\u00f3venes, ver sus necesidades, intereses, expectativas, trabajar su autoestima, la confianza en s\u00ed mismas y el sentido positivo frente a la vida. El rol de apoyo y orientaci\u00f3n que prestan cada d\u00eda a las j\u00f3venes es fundamental para el funcionamiento y puesta en marcha de la misi\u00f3n de nuestro establecimiento. Ellas logran que las j\u00f3venes se sientan acogidas e integradas en los diferentes grupos, que vivan en un ambiente de amistad, alegr\u00eda, respeto y de esfuerzo en sus estudios.<\/p>\n<p>Seg\u00fan los niveles a los que pertenecen las alumnas, las Inspectoras las acompa\u00f1an, orientan en las diferentes tareas que les corresponden realizar, a trav\u00e9s de diversos medios de apoyo; tecnol\u00f3gicos, literarios, publicaciones en revistas, im\u00e1genes, trabajos y manualidades.[\/vc_column_text][\/vc_column][vc_column width=&#8221;1\/3&#8243;][vc_single_image image=&#8221;1489&#8243; img_size=&#8221;full&#8221; onclick=&#8221;link_image&#8221;][\/vc_column][\/vc_row][vc_row][vc_column width=&#8221;2\/3&#8243;][vc_column_text]<\/p>\n<h3>Equipo Internado:<\/h3>\n<p>Directora del Internado: Mar\u00eda Cecilia Mart\u00ednez y Superiora de la Comunidad Providencia de Ovalle: Hna. Elvira Letelier<\/p>\n<p><strong>Inspectoras:<\/strong><\/p>\n<ul>\n<li>Rosa Teresa Dub\u00f3 Vicencio<\/li>\n<li>Fiorella Vel\u00e1squez<\/li>\n<li>Magdalena Dub\u00f3<\/li>\n<li>Ana Avil\u00e9s<\/li>\n<li>Edelmira Argando\u00f1a<\/li>\n<\/ul>\n<h3>Actividades en el Internado<\/h3>\n<p>Itinerario diario:<\/p>\n<ul>\n<li>Desayuno: 07:15 hrs.<\/li>\n<li>Almuerzo:\u00a0 13:00 hrs.<\/li>\n<li>Once comida: 18:30 hrs.<\/li>\n<li>Sala de estudio: despu\u00e9s de su horario de clases de 16:30 \u2013 17:45 horas.<\/li>\n<li>Oraci\u00f3n: Lunes a Viernes<\/li>\n<li>Lunes: Llegada de las alumnas al internado, firman su llegada y luego deben ir a sus respectivas salas de clases.<\/li>\n<li>Martes: 17:30 a 18:30 Acompa\u00f1amiento Psicol\u00f3gico junto a Luis Tello.<\/li>\n<li>Mi\u00e9rcoles: Ensayo de canto, con el profesor de m\u00fasica, Jorge Herrera, para la liturgia en que participan las alumnas del internado.<\/li>\n<li>Jueves: 18:00 horas Liturgia en la capilla del Colegio preparada por las inspectoras del internado junto a las alumnas, seg\u00fan el nivel que les corresponde.<\/li>\n<li>Las estudiantes adem\u00e1s participan de las academias deportivas, cient\u00edficas, art\u00edsticas y culturales dentro del establecimiento.<\/li>\n<li>Viernes: Regreso de las alumnas a sus respectivos hogares.<\/li>\n<\/ul>\n<h3>Requisitos del Internado:<\/h3>\n<ul>\n<li>Ser alumna regular del colegio.<\/li>\n<li>Tener un promedio de nota 6.0 el cual deber\u00e1 mantener o superar en el transcurso del a\u00f1o.<\/li>\n<li>Una foto tama\u00f1o carnet con uniforme<\/li>\n<li>Certificado de nacimiento<\/li>\n<li>Certificado de kilometraje, para verificar la distancia de la casa al colegio.<\/li>\n<li>Liquidaci\u00f3n de sueldo del jefe de hogar o declaraci\u00f3n simple de ingresos.<\/li>\n<li>Ficha de Protecci\u00f3n Social.<\/li>\n<\/ul>\n<p>[\/vc_column_text][\/vc_column][vc_column width=&#8221;1\/3&#8243;][vc_single_image image=&#8221;1490&#8243; img_size=&#8221;full&#8221; onclick=&#8221;link_image&#8221;][\/vc_column][\/vc_row]<\/p>\n","protected":false},"excerpt":{"rendered":"<p>[vc_row][vc_column width=&#8221;2\/3&#8243;][vc_column_text]El Internado est\u00e1 ubicado dentro del edificio del Colegio junto a la comunidad de las Hermanas de la Providencia, recibe a 150 j\u00f3venes que viven en lugares alejados\u00a0 que les dificulta viajar todos los d\u00edas para cumplir su sue\u00f1o de recibir un t\u00edtulo T\u00e9cnico Profesional. Algunas j\u00f3venes vienen desde pueblos rurales de las diferentes comunas de Ovalle, Monte Patria,&nbsp;<a href=\"http:\/\/laprovidenciaovalle.cl\/colegio\/internado\/\">[&hellip;]<\/a><\/p>\n","protected":false},"author":2,"featured_media":0,"parent":0,"menu_order":0,"comment_status":"closed","ping_status":"closed","template":"template-fullwidth.php","meta":[],"yoast_head":"<!-- This site is optimized with the Yoast SEO plugin v15.2 - https:\/\/yoast.com\/wordpress\/plugins\/seo\/ -->\n<title>Internado - Colegio La Providencia<\/title>\n<meta name=\"robots\" content=\"index, follow, max-snippet:-1, max-image-preview:large, max-video-preview:-1\" \/>\n<link rel=\"canonical\" href=\"https:\/\/laprovidenciaovalle.cl\/colegio\/internado\/\" \/>\n<meta property=\"og:locale\" content=\"es_ES\" \/>\n<meta property=\"og:type\" content=\"article\" \/>\n<meta property=\"og:title\" content=\"Internado - Colegio La Providencia\" \/>\n<meta property=\"og:description\" content=\"[vc_row][vc_column width=&#8221;2\/3&#8243;][vc_column_text]El Internado est\u00e1 ubicado dentro del edificio del Colegio junto a la comunidad de las Hermanas de la Providencia, recibe a 150 j\u00f3venes que viven en lugares alejados\u00a0 que les dificulta viajar todos los d\u00edas para cumplir su sue\u00f1o de recibir un t\u00edtulo T\u00e9cnico Profesional. Algunas j\u00f3venes vienen desde pueblos rurales de las diferentes comunas de Ovalle, Monte Patria,&nbsp;[&hellip;]\" \/>\n<meta property=\"og:url\" content=\"https:\/\/laprovidenciaovalle.cl\/colegio\/internado\/\" \/>\n<meta property=\"og:site_name\" content=\"Colegio La Providencia\" \/>\n<meta property=\"article:modified_time\" content=\"2025-10-13T16:02:58+00:00\" \/>\n<meta name=\"twitter:card\" content=\"summary_large_image\" \/>\n<meta name=\"twitter:label1\" value=\"Escrito por\">\n\t<meta name=\"twitter:data1\" value=\"Juan Tapia\">\n\t<meta name=\"twitter:label2\" value=\"Tiempo de lectura\">\n\t<meta name=\"twitter:data2\" value=\"2 minutos\">\n<script type=\"application\/ld+json\" class=\"yoast-schema-graph\">{\"@context\":\"https:\/\/schema.org\",\"@graph\":[{\"@type\":\"WebSite\",\"@id\":\"https:\/\/laprovidenciaovalle.cl\/colegio\/#website\",\"url\":\"https:\/\/laprovidenciaovalle.cl\/colegio\/\",\"name\":\"Colegio La Providencia\",\"description\":\"Ovalle\",\"potentialAction\":[{\"@type\":\"SearchAction\",\"target\":\"https:\/\/laprovidenciaovalle.cl\/colegio\/?s={search_term_string}\",\"query-input\":\"required name=search_term_string\"}],\"inLanguage\":\"es\"},{\"@type\":\"WebPage\",\"@id\":\"https:\/\/laprovidenciaovalle.cl\/colegio\/internado\/#webpage\",\"url\":\"https:\/\/laprovidenciaovalle.cl\/colegio\/internado\/\",\"name\":\"Internado - Colegio La Providencia\",\"isPartOf\":{\"@id\":\"https:\/\/laprovidenciaovalle.cl\/colegio\/#website\"},\"datePublished\":\"2017-12-28T18:22:11+00:00\",\"dateModified\":\"2025-10-13T16:02:58+00:00\",\"inLanguage\":\"es\",\"potentialAction\":[{\"@type\":\"ReadAction\",\"target\":[\"https:\/\/laprovidenciaovalle.cl\/colegio\/internado\/\"]}]}]}<\/script>\n<!-- \/ Yoast SEO plugin. -->","_links":{"self":[{"href":"http:\/\/laprovidenciaovalle.cl\/colegio\/wp-json\/wp\/v2\/pages\/1300"}],"collection":[{"href":"http:\/\/laprovidenciaovalle.cl\/colegio\/wp-json\/wp\/v2\/pages"}],"about":[{"href":"http:\/\/laprovidenciaovalle.cl\/colegio\/wp-json\/wp\/v2\/types\/page"}],"author":[{"embeddable":true,"href":"http:\/\/laprovidenciaovalle.cl\/colegio\/wp-json\/wp\/v2\/users\/2"}],"replies":[{"embeddable":true,"href":"http:\/\/laprovidenciaovalle.cl\/colegio\/wp-json\/wp\/v2\/comments?post=1300"}],"version-history":[{"count":12,"href":"http:\/\/laprovidenciaovalle.cl\/colegio\/wp-json\/wp\/v2\/pages\/1300\/revisions"}],"predecessor-version":[{"id":21146,"href":"http:\/\/laprovidenciaovalle.cl\/colegio\/wp-json\/wp\/v2\/pages\/1300\/revisions\/21146"}],"wp:attachment":[{"href":"http:\/\/laprovidenciaovalle.cl\/colegio\/wp-json\/wp\/v2\/media?parent=1300"}],"curies":[{"name":"wp","href":"https:\/\/api.w.org\/{rel}","templated":true}]}}