{"id":210,"date":"2016-03-09T09:42:40","date_gmt":"2016-03-09T09:42:40","guid":{"rendered":"http:\/\/local.school-time\/?page_id=210"},"modified":"2024-07-30T11:57:01","modified_gmt":"2024-07-30T15:57:01","slug":"contacto","status":"publish","type":"page","link":"http:\/\/laprovidenciaovalle.cl\/colegio\/contacto\/","title":{"rendered":"Contacto"},"content":{"rendered":"<p>[vc_row full_height=&#8221;yes&#8221; content_placement=&#8221;middle&#8221; css=&#8221;.vc_custom_1514569931853{margin-top: -51px !important;margin-bottom: 75px !important;}&#8221;][vc_column css=&#8221;.vc_custom_1459848555278{margin-bottom: 0px !important;}&#8221;][vc_raw_html]JTNDaWZyYW1lJTIwc3JjJTNEJTIyaHR0cHMlM0ElMkYlMkZ3d3cuZ29vZ2xlLmNvbSUyRm1hcHMlMkZlbWJlZCUzRnBiJTNEJTIxMW0xNCUyMTFtOCUyMTFtMyUyMTFkMzg1OC4yMjMyOTE5NTM2NDIzJTIxMmQtNzEuMTk2NDQ1OCUyMTNkLTMwLjYwMzI0MjglMjEzbTIlMjExaTEwMjQlMjEyaTc2OCUyMTRmMTMuMSUyMTNtMyUyMTFtMiUyMTFzMHg5NjhlNGFhYjg4NTZjZDYzJTI1M0EweGYyMzBmMDYzNDFmOGYxYjElMjEyc0FyaXp0JTI1QzMlMjVBRGElMkJPcmllbnRlJTJCNDg0JTI1MkMlMkJPdmFsbGUlMjUyQyUyQlJlZ2klMjVDMyUyNUIzbiUyQmRlJTJCQ29xdWltYm8lMjE1ZTElMjEzbTIlMjExc2VzJTIxMnNjbCUyMTR2MTUxNDU2OTU0NTk1MiUyMiUyMHdpZHRoJTNEJTIyMTQwMCUyMiUyMGhlaWdodCUzRCUyMjQwMCUyMiUyMGZyYW1lYm9yZGVyJTNEJTIyMCUyMiUyMHN0eWxlJTNEJTIyYm9yZGVyJTNBMCUyMiUyMGFsbG93ZnVsbHNjcmVlbiUzRSUzQyUyRmlmcmFtZSUzRQ==[\/vc_raw_html][\/vc_column][\/vc_row][vc_row css=&#8221;.vc_custom_1458734918279{margin-bottom: 50px !important;}&#8221;][vc_column width=&#8221;1\/3&#8243;]\n\t\t\t\t\t<div class=\"wh-theme-icon \" style=\"position:absolute;\">\n\t\t\t\t<i class=\"icon-Pin-New\" ><\/i>\n\t\t\t<\/div>\n\t\t\n\t\t[vc_custom_heading text=&#8221;Direcci\u00f3n&#8221; font_container=&#8221;tag:h3|font_size:12px|text_align:left&#8221; use_theme_fonts=&#8221;yes&#8221; css=&#8221;.vc_custom_1516800835711{margin-bottom: 0px !important;margin-left: 20px !important;}&#8221;][vc_custom_heading text=&#8221;Ariztia Oriente N\u00ba484, Ovalle.<br \/>\nProvincia de Limar\u00ed, Regi\u00f3n de Coquimbo.&#8221; font_container=&#8221;tag:p|font_size:15px|text_align:left&#8221; use_theme_fonts=&#8221;yes&#8221; css=&#8221;.vc_custom_1516800932768{margin-bottom: 20px !important;margin-left: 20px !important;}&#8221;]\n\t\t\t\t\t<div class=\"wh-theme-icon \" style=\"position:absolute;\">\n\t\t\t\t<i class=\"icon-phone-handset\" ><\/i>\n\t\t\t<\/div>\n\t\t\n\t\t[vc_custom_heading text=&#8221;Tel\u00e9fono&#8221; font_container=&#8221;tag:h3|font_size:12px|text_align:left&#8221; use_theme_fonts=&#8221;yes&#8221; css=&#8221;.vc_custom_1516800858410{margin-bottom: 0px !important;margin-left: 20px !important;}&#8221;][vc_custom_heading text=&#8221;+56 975879935&#8243; font_container=&#8221;tag:p|font_size:15px|text_align:left&#8221; use_theme_fonts=&#8221;yes&#8221; css=&#8221;.vc_custom_1722354562569{margin-bottom: 20px !important;margin-left: 20px !important;}&#8221;]\n\t\t\t\t\t<div class=\"wh-theme-icon \" style=\"position:absolute;\">\n\t\t\t\t<i class=\"icon-Mail\" ><\/i>\n\t\t\t<\/div>\n\t\t\n\t\t[vc_custom_heading text=&#8221;Correo electr\u00f3nico&#8221; font_container=&#8221;tag:h3|font_size:12px|text_align:left&#8221; use_theme_fonts=&#8221;yes&#8221; css=&#8221;.vc_custom_1516800879761{margin-bottom: 0px !important;margin-left: 23px !important;}&#8221;][vc_custom_heading text=&#8221;colegiolaprovidencia@gmail.com&#8221; font_container=&#8221;tag:p|text_align:left&#8221; use_theme_fonts=&#8221;yes&#8221; css=&#8221;.vc_custom_1576523567755{margin-bottom: 20px !important;margin-left: 23px !important;}&#8221;]\n\t\t\t\t\t<div class=\"wh-theme-icon \" style=\"position:absolute;\">\n\t\t\t\t<i class=\"icon-Clock-New\" ><\/i>\n\t\t\t<\/div>\n\t\t\n\t\t[vc_custom_heading text=&#8221;Horarios&#8221; font_container=&#8221;tag:h3|font_size:12px|text_align:left&#8221; use_theme_fonts=&#8221;yes&#8221; css=&#8221;.vc_custom_1516800846519{margin-bottom: 0px !important;margin-left: 23px !important;}&#8221;][vc_column_text]<\/p>\n<ul>\n<li>Horario de clases: 08:00 &#8211; 17:00 horas.<\/li>\n<li>Horario de atenci\u00f3n secretar\u00eda: Lunes a Viernes en la ma\u00f1ana. De 9:00 a 12:00 horas.<\/li>\n<li>Entrega de t\u00edtulos y carpetas de ex-alumnas: SOLO VIERNES de 9:00 a 12:00 horas.<br \/>\nAtenci\u00f3n de apoderados: 08:00 &#8211; 17:00 horas<\/li>\n<li>Horario de atenci\u00f3n para justificaciones: En porter\u00eda con la inspectora que se encuentre. Lunes a viernes en la ma\u00f1ana. De 8:30 a 9:30 hrs.<\/li>\n<li>Horario de atenci\u00f3n Inspector\u00eda General: Lunes, Mi\u00e9rcoles y Viernes de 08:30 a 11:00 horas<\/li>\n<li>Horario de atenci\u00f3n de profesoras\/es jefes: Para conocer el horario de atenci\u00f3n de los profesoras y profesores jefes de cada curso para el a\u00f1o escolar 2024 dir\u00edgete a la siguiente p\u00e1gina: Horarios Atenci\u00f3n Profesoras\/es Jefes.<\/li>\n<\/ul>\n<p>[\/vc_column_text][\/vc_column][vc_column width=&#8221;2\/3&#8243; css=&#8221;.vc_custom_1458729850668{border-top-width: 1px !important;border-right-width: 1px !important;border-bottom-width: 3px !important;border-left-width: 1px !important;padding-top: 35px !important;padding-right: 15px !important;padding-left: 15px !important;border-left-color: #e2e2e2 !important;border-left-style: solid !important;border-right-color: #e2e2e2 !important;border-right-style: solid !important;border-top-color: #e2e2e2 !important;border-top-style: solid !important;border-bottom-color: #e2e2e2 !important;border-bottom-style: solid !important;}&#8221;][vc_custom_heading text=&#8221;Escr\u00edbenos&#8221; font_container=&#8221;tag:h2|font_size:23px|text_align:center&#8221; use_theme_fonts=&#8221;yes&#8221;][vc_separator el_width=&#8221;10&#8243; css=&#8221;.vc_custom_1458832714491{margin-top: 24px !important;margin-bottom: 20px !important;}&#8221;]<div role=\"form\" class=\"wpcf7\" id=\"wpcf7-f216-o1\" lang=\"en-US\" dir=\"ltr\">\n<div class=\"screen-reader-response\"><p role=\"status\" aria-live=\"polite\" aria-atomic=\"true\"><\/p> <ul><\/ul><\/div>\n<form action=\"\/colegio\/wp-json\/wp\/v2\/pages\/210#wpcf7-f216-o1\" method=\"post\" class=\"wpcf7-form init\" novalidate=\"novalidate\" data-status=\"init\">\n<div style=\"display: none;\">\n<input type=\"hidden\" name=\"_wpcf7\" value=\"216\" \/>\n<input type=\"hidden\" name=\"_wpcf7_version\" value=\"5.3\" \/>\n<input type=\"hidden\" name=\"_wpcf7_locale\" value=\"en_US\" \/>\n<input type=\"hidden\" name=\"_wpcf7_unit_tag\" value=\"wpcf7-f216-o1\" \/>\n<input type=\"hidden\" name=\"_wpcf7_container_post\" value=\"0\" \/>\n<input type=\"hidden\" name=\"_wpcf7_posted_data_hash\" value=\"\" \/>\n<\/div>\n<div class=\"vc_row make-an-appointment-form\" style=\"line-height:30px;padding:18px\">\n<div class=\"vc_col-sm-6\">\n<p><span class=\"wpcf7-form-control-wrap first-name\"><input type=\"text\" name=\"first-name\" value=\"\" size=\"50\" class=\"wpcf7-form-control wpcf7-text wpcf7-validates-as-required\" aria-required=\"true\" aria-invalid=\"false\" placeholder=\"Nombre\" \/><\/span> <\/p>\n<p><span class=\"wpcf7-form-control-wrap last-name\"><input type=\"text\" name=\"last-name\" value=\"\" size=\"50\" class=\"wpcf7-form-control wpcf7-text wpcf7-validates-as-required\" aria-required=\"true\" aria-invalid=\"false\" placeholder=\"Apellido\" \/><\/span> <\/p>\n<\/div>\n<div class=\"vc_col-sm-6\">\n<p><span class=\"wpcf7-form-control-wrap your-email\"><input type=\"email\" name=\"your-email\" value=\"\" size=\"50\" class=\"wpcf7-form-control wpcf7-text wpcf7-email wpcf7-validates-as-required wpcf7-validates-as-email\" aria-required=\"true\" aria-invalid=\"false\" placeholder=\"Tu correo\" \/><\/span> <\/p>\n<p><span class=\"wpcf7-form-control-wrap your-subject\"><input type=\"text\" name=\"your-subject\" value=\"\" size=\"50\" class=\"wpcf7-form-control wpcf7-text\" aria-invalid=\"false\" placeholder=\"Asunto\" \/><\/span> <\/p>\n<\/div>\n<div class=\"vc_col-sm-12\">\n<p><span class=\"wpcf7-form-control-wrap your-message\"><textarea name=\"your-message\" cols=\"100\" rows=\"12\" class=\"wpcf7-form-control wpcf7-textarea\" aria-invalid=\"false\" placeholder=\"Mensaje\"><\/textarea><\/span> <\/p>\n<\/div>\n<div class=\"vc_col-xs-6\">\n<div class=\"g-recaptcha\" data-sitekey=\"6LeMOnoUAAAAAL0siT0pAd_S1QqBk_uZX1hgeLXb\"><\/div>\n<p style=\"margin-top: 21px;margin-left: 11px;font-size: 15px;line-height: 18px;\">Todos los campos son obligatorios.<\/p>\n<\/div>\n<div class=\"vc_col-xs-6\">\n<p class=\"form-button pull-right\" style=\"margin-top: 10px;margin-right:-20px;\"><input type=\"submit\" value=\"Enviar\" class=\"wpcf7-form-control wpcf7-submit\" \/><\/p>\n<\/div>\n<\/div>\n<div class=\"wpcf7-response-output\" aria-hidden=\"true\"><\/div><\/form><\/div>[\/vc_column][\/vc_row]<\/p>\n","protected":false},"excerpt":{"rendered":"<p>[vc_row full_height=&#8221;yes&#8221; content_placement=&#8221;middle&#8221; css=&#8221;.vc_custom_1514569931853{margin-top: -51px !important;margin-bottom: 75px !important;}&#8221;][vc_column css=&#8221;.vc_custom_1459848555278{margin-bottom: 0px !important;}&#8221;][vc_raw_html]JTNDaWZyYW1lJTIwc3JjJTNEJTIyaHR0cHMlM0ElMkYlMkZ3d3cuZ29vZ2xlLmNvbSUyRm1hcHMlMkZlbWJlZCUzRnBiJTNEJTIxMW0xNCUyMTFtOCUyMTFtMyUyMTFkMzg1OC4yMjMyOTE5NTM2NDIzJTIxMmQtNzEuMTk2NDQ1OCUyMTNkLTMwLjYwMzI0MjglMjEzbTIlMjExaTEwMjQlMjEyaTc2OCUyMTRmMTMuMSUyMTNtMyUyMTFtMiUyMTFzMHg5NjhlNGFhYjg4NTZjZDYzJTI1M0EweGYyMzBmMDYzNDFmOGYxYjElMjEyc0FyaXp0JTI1QzMlMjVBRGElMkJPcmllbnRlJTJCNDg0JTI1MkMlMkJPdmFsbGUlMjUyQyUyQlJlZ2klMjVDMyUyNUIzbiUyQmRlJTJCQ29xdWltYm8lMjE1ZTElMjEzbTIlMjExc2VzJTIxMnNjbCUyMTR2MTUxNDU2OTU0NTk1MiUyMiUyMHdpZHRoJTNEJTIyMTQwMCUyMiUyMGhlaWdodCUzRCUyMjQwMCUyMiUyMGZyYW1lYm9yZGVyJTNEJTIyMCUyMiUyMHN0eWxlJTNEJTIyYm9yZGVyJTNBMCUyMiUyMGFsbG93ZnVsbHNjcmVlbiUzRSUzQyUyRmlmcmFtZSUzRQ==[\/vc_raw_html][\/vc_column][\/vc_row][vc_row css=&#8221;.vc_custom_1458734918279{margin-bottom: 50px !important;}&#8221;][vc_column width=&#8221;1\/3&#8243;][vc_custom_heading text=&#8221;Direcci\u00f3n&#8221; font_container=&#8221;tag:h3|font_size:12px|text_align:left&#8221; use_theme_fonts=&#8221;yes&#8221; css=&#8221;.vc_custom_1516800835711{margin-bottom: 0px !important;margin-left: 20px !important;}&#8221;][vc_custom_heading text=&#8221;Ariztia Oriente N\u00ba484, Ovalle. Provincia de Limar\u00ed, Regi\u00f3n de Coquimbo.&#8221; font_container=&#8221;tag:p|font_size:15px|text_align:left&#8221; use_theme_fonts=&#8221;yes&#8221; css=&#8221;.vc_custom_1516800932768{margin-bottom: 20px !important;margin-left: 20px !important;}&#8221;][vc_custom_heading text=&#8221;Tel\u00e9fono&#8221; font_container=&#8221;tag:h3|font_size:12px|text_align:left&#8221; use_theme_fonts=&#8221;yes&#8221; css=&#8221;.vc_custom_1516800858410{margin-bottom: 0px !important;margin-left: 20px !important;}&#8221;][vc_custom_heading text=&#8221;+56 975879935&#8243; font_container=&#8221;tag:p|font_size:15px|text_align:left&#8221; use_theme_fonts=&#8221;yes&#8221; css=&#8221;.vc_custom_1722354562569{margin-bottom: 20px !important;margin-left: 20px !important;}&#8221;][vc_custom_heading text=&#8221;Correo electr\u00f3nico&#8221; font_container=&#8221;tag:h3|font_size:12px|text_align:left&#8221;&nbsp;<a href=\"http:\/\/laprovidenciaovalle.cl\/colegio\/contacto\/\">[&hellip;]<\/a><\/p>\n","protected":false},"author":2,"featured_media":0,"parent":0,"menu_order":0,"comment_status":"closed","ping_status":"closed","template":"template-fullwidth.php","meta":[],"yoast_head":"<!-- This site is optimized with the Yoast SEO plugin v15.2 - https:\/\/yoast.com\/wordpress\/plugins\/seo\/ -->\n<title>Contacto - Colegio La Providencia<\/title>\n<meta name=\"robots\" content=\"index, follow, max-snippet:-1, max-image-preview:large, max-video-preview:-1\" \/>\n<link rel=\"canonical\" href=\"http:\/\/laprovidenciaovalle.cl\/colegio\/contacto\/\" \/>\n<meta property=\"og:locale\" content=\"es_ES\" \/>\n<meta property=\"og:type\" content=\"article\" \/>\n<meta property=\"og:title\" content=\"Contacto - Colegio La Providencia\" \/>\n<meta property=\"og:description\" content=\"[vc_row full_height=&#8221;yes&#8221; content_placement=&#8221;middle&#8221; css=&#8221;.vc_custom_1514569931853{margin-top: -51px !important;margin-bottom: 75px !important;}&#8221;][vc_column css=&#8221;.vc_custom_1459848555278{margin-bottom: 0px !important;}&#8221;][vc_raw_html]JTNDaWZyYW1lJTIwc3JjJTNEJTIyaHR0cHMlM0ElMkYlMkZ3d3cuZ29vZ2xlLmNvbSUyRm1hcHMlMkZlbWJlZCUzRnBiJTNEJTIxMW0xNCUyMTFtOCUyMTFtMyUyMTFkMzg1OC4yMjMyOTE5NTM2NDIzJTIxMmQtNzEuMTk2NDQ1OCUyMTNkLTMwLjYwMzI0MjglMjEzbTIlMjExaTEwMjQlMjEyaTc2OCUyMTRmMTMuMSUyMTNtMyUyMTFtMiUyMTFzMHg5NjhlNGFhYjg4NTZjZDYzJTI1M0EweGYyMzBmMDYzNDFmOGYxYjElMjEyc0FyaXp0JTI1QzMlMjVBRGElMkJPcmllbnRlJTJCNDg0JTI1MkMlMkJPdmFsbGUlMjUyQyUyQlJlZ2klMjVDMyUyNUIzbiUyQmRlJTJCQ29xdWltYm8lMjE1ZTElMjEzbTIlMjExc2VzJTIxMnNjbCUyMTR2MTUxNDU2OTU0NTk1MiUyMiUyMHdpZHRoJTNEJTIyMTQwMCUyMiUyMGhlaWdodCUzRCUyMjQwMCUyMiUyMGZyYW1lYm9yZGVyJTNEJTIyMCUyMiUyMHN0eWxlJTNEJTIyYm9yZGVyJTNBMCUyMiUyMGFsbG93ZnVsbHNjcmVlbiUzRSUzQyUyRmlmcmFtZSUzRQ==[\/vc_raw_html][\/vc_column][\/vc_row][vc_row css=&#8221;.vc_custom_1458734918279{margin-bottom: 50px !important;}&#8221;][vc_column width=&#8221;1\/3&#8243;][vc_custom_heading text=&#8221;Direcci\u00f3n&#8221; font_container=&#8221;tag:h3|font_size:12px|text_align:left&#8221; use_theme_fonts=&#8221;yes&#8221; css=&#8221;.vc_custom_1516800835711{margin-bottom: 0px !important;margin-left: 20px !important;}&#8221;][vc_custom_heading text=&#8221;Ariztia Oriente N\u00ba484, Ovalle. Provincia de Limar\u00ed, Regi\u00f3n de Coquimbo.&#8221; font_container=&#8221;tag:p|font_size:15px|text_align:left&#8221; use_theme_fonts=&#8221;yes&#8221; css=&#8221;.vc_custom_1516800932768{margin-bottom: 20px !important;margin-left: 20px !important;}&#8221;][vc_custom_heading text=&#8221;Tel\u00e9fono&#8221; font_container=&#8221;tag:h3|font_size:12px|text_align:left&#8221; use_theme_fonts=&#8221;yes&#8221; css=&#8221;.vc_custom_1516800858410{margin-bottom: 0px !important;margin-left: 20px !important;}&#8221;][vc_custom_heading text=&#8221;+56 975879935&#8243; font_container=&#8221;tag:p|font_size:15px|text_align:left&#8221; use_theme_fonts=&#8221;yes&#8221; css=&#8221;.vc_custom_1722354562569{margin-bottom: 20px !important;margin-left: 20px !important;}&#8221;][vc_custom_heading text=&#8221;Correo electr\u00f3nico&#8221; font_container=&#8221;tag:h3|font_size:12px|text_align:left&#8221;&nbsp;[&hellip;]\" \/>\n<meta property=\"og:url\" content=\"http:\/\/laprovidenciaovalle.cl\/colegio\/contacto\/\" \/>\n<meta property=\"og:site_name\" content=\"Colegio La Providencia\" \/>\n<meta property=\"article:modified_time\" content=\"2024-07-30T15:57:01+00:00\" \/>\n<meta name=\"twitter:card\" content=\"summary_large_image\" \/>\n<meta name=\"twitter:label1\" value=\"Escrito por\">\n\t<meta name=\"twitter:data1\" value=\"Juan Tapia\">\n\t<meta name=\"twitter:label2\" value=\"Tiempo de lectura\">\n\t<meta name=\"twitter:data2\" value=\"2 minutos\">\n<script type=\"application\/ld+json\" class=\"yoast-schema-graph\">{\"@context\":\"https:\/\/schema.org\",\"@graph\":[{\"@type\":\"WebSite\",\"@id\":\"https:\/\/laprovidenciaovalle.cl\/colegio\/#website\",\"url\":\"https:\/\/laprovidenciaovalle.cl\/colegio\/\",\"name\":\"Colegio La Providencia\",\"description\":\"Ovalle\",\"potentialAction\":[{\"@type\":\"SearchAction\",\"target\":\"https:\/\/laprovidenciaovalle.cl\/colegio\/?s={search_term_string}\",\"query-input\":\"required name=search_term_string\"}],\"inLanguage\":\"es\"},{\"@type\":\"WebPage\",\"@id\":\"http:\/\/laprovidenciaovalle.cl\/colegio\/contacto\/#webpage\",\"url\":\"http:\/\/laprovidenciaovalle.cl\/colegio\/contacto\/\",\"name\":\"Contacto - Colegio La Providencia\",\"isPartOf\":{\"@id\":\"https:\/\/laprovidenciaovalle.cl\/colegio\/#website\"},\"datePublished\":\"2016-03-09T09:42:40+00:00\",\"dateModified\":\"2024-07-30T15:57:01+00:00\",\"inLanguage\":\"es\",\"potentialAction\":[{\"@type\":\"ReadAction\",\"target\":[\"http:\/\/laprovidenciaovalle.cl\/colegio\/contacto\/\"]}]}]}<\/script>\n<!-- \/ Yoast SEO plugin. -->","_links":{"self":[{"href":"http:\/\/laprovidenciaovalle.cl\/colegio\/wp-json\/wp\/v2\/pages\/210"}],"collection":[{"href":"http:\/\/laprovidenciaovalle.cl\/colegio\/wp-json\/wp\/v2\/pages"}],"about":[{"href":"http:\/\/laprovidenciaovalle.cl\/colegio\/wp-json\/wp\/v2\/types\/page"}],"author":[{"embeddable":true,"href":"http:\/\/laprovidenciaovalle.cl\/colegio\/wp-json\/wp\/v2\/users\/2"}],"replies":[{"embeddable":true,"href":"http:\/\/laprovidenciaovalle.cl\/colegio\/wp-json\/wp\/v2\/comments?post=210"}],"version-history":[{"count":12,"href":"http:\/\/laprovidenciaovalle.cl\/colegio\/wp-json\/wp\/v2\/pages\/210\/revisions"}],"predecessor-version":[{"id":14980,"href":"http:\/\/laprovidenciaovalle.cl\/colegio\/wp-json\/wp\/v2\/pages\/210\/revisions\/14980"}],"wp:attachment":[{"href":"http:\/\/laprovidenciaovalle.cl\/colegio\/wp-json\/wp\/v2\/media?parent=210"}],"curies":[{"name":"wp","href":"https:\/\/api.w.org\/{rel}","templated":true}]}}