{"id":584,"date":"2016-03-29T12:38:57","date_gmt":"2016-03-29T12:38:57","guid":{"rendered":"http:\/\/schooltime.aislinthemes.com\/?page_id=584"},"modified":"2019-12-12T14:33:43","modified_gmt":"2019-12-12T17:33:43","slug":"colegio-info","status":"publish","type":"page","link":"http:\/\/laprovidenciaovalle.cl\/colegio\/colegio-info\/","title":{"rendered":"Colegio"},"content":{"rendered":"<p>[vc_row][vc_column][vc_custom_heading text=&#8221;Nuestro Colegio&#8221; use_theme_fonts=&#8221;yes&#8221;][vc_row_inner][vc_column_inner][vc_column_text]Somos un Colegio Cat\u00f3lico perteneciente a la Fundaci\u00f3n educacional Colegio la Providencia de Ovalle. Nuestra misi\u00f3n es colaborar con las familias en el crecimiento integral de sus hijas egresadas de octavos a\u00f1os b\u00e1sicos, provenientes de diferentes comunas, entreg\u00e1ndoles una formaci\u00f3n t\u00e9cnico-profesional de excelencia y gui\u00e1ndolas en su formaci\u00f3n humana, acad\u00e9mica y espiritual, para que mejoren sus condiciones de vida y contribuyan al desarrollo de un Chile m\u00e1s justo y solidario.<\/p>\n<p>La Providencia de Ovalle es una instituci\u00f3n centrada en la Espiritualidad Providencia, con valores cristianos formados en las virtudes de la esperanza y caridad.<\/p>\n<p>Nuestra instituci\u00f3n privilegia la formaci\u00f3n integral de las alumnas, potenciando habilidades que permiten forjar mujeres profesionales competentes y de bien, capaces de realizar los desaf\u00edos y tareas del futuro.<\/p>\n<p>En el a\u00f1o 2013 firmamos un convenio con el MINEDUC de Igualdad de Oportunidades y Excelencia Educativa (Ley SEP).[\/vc_column_text][\/vc_column_inner][\/vc_row_inner][\/vc_column][\/vc_row][vc_row][vc_column width=&#8221;1\/2&#8243;][vc_single_image image=&#8221;1528&#8243; img_size=&#8221;full&#8221; css=&#8221;.vc_custom_1520368018815{margin-bottom: 25px !important;}&#8221;][vc_custom_heading text=&#8221;Nuestra Infraestructura&#8221; font_container=&#8221;tag:h4|text_align:left&#8221; use_theme_fonts=&#8221;yes&#8221;][vc_column_text css=&#8221;.vc_custom_1576171401549{padding-right: 20px !important;}&#8221;]El Colegio posee una infraestructura moderna y equipada, con tecnolog\u00eda del Siglo XXI:<\/p>\n<ul>\n<li>Laboratorio de Computaci\u00f3n, Matem\u00e1tica (Copumat), Ingl\u00e9s y Ciencias.<\/li>\n<li>Talleres para cada especialidad (Atenci\u00f3n de Enfermer\u00eda, Atenci\u00f3n de P\u00e1rvulos, Servicio de Alimentaci\u00f3n y Administraci\u00f3n).<\/li>\n<li>24 salas de clases, implementadas con proyecto e internet.<\/li>\n<li>Biblioteca.<\/li>\n<li>Dos canchas deportivas.<\/li>\n<li>Internado.<\/li>\n<li>Capilla.<\/li>\n<\/ul>\n<p>M\u00e1s informaci\u00f3n e im\u00e1genes en la siguiente p\u00e1gina: <a href=\"http:\/\/laprovidenciaovalle.cl\/colegio\/colegio-info\/infraestructura\/\">Infraestructura<\/a>.[\/vc_column_text][\/vc_column][vc_column width=&#8221;1\/2&#8243; css=&#8221;.vc_custom_1459416622945{margin-bottom: 30px !important;}&#8221;][vc_single_image image=&#8221;1517&#8243; img_size=&#8221;full&#8221; css=&#8221;.vc_custom_1520368041915{margin-bottom: 25px !important;}&#8221;][vc_custom_heading text=&#8221;Nuestras Especialidades&#8221; font_container=&#8221;tag:h4|text_align:left&#8221; use_theme_fonts=&#8221;yes&#8221;][vc_column_text css=&#8221;.vc_custom_1532542180090{padding-right: 20px !important;}&#8221;]Contamos con cuatro especialidades para nuestras alumnas:<\/p>\n<ul>\n<li>Atenci\u00f3n de Enfermer\u00eda.<\/li>\n<li>Atenci\u00f3n de P\u00e1rvulos.<\/li>\n<li>Gastronom\u00eda, menci\u00f3n en &#8220;Cocina&#8221; o &#8220;Pasteler\u00eda y Reposter\u00eda&#8221;.<\/li>\n<li>Administraci\u00f3n, Menci\u00f3n &#8220;Recursos Humanos&#8221;.<\/li>\n<\/ul>\n<p>M\u00e1s informaci\u00f3n en la siguiente p\u00e1gina: <a href=\"http:\/\/laprovidenciaovalle.cl\/colegio\/especialidades\/\">Especialidades<\/a>.[\/vc_column_text][\/vc_column][\/vc_row][vc_row][vc_column width=&#8221;1\/2&#8243;][vc_single_image image=&#8221;2532&#8243; img_size=&#8221;full&#8221; css=&#8221;.vc_custom_1576171802956{margin-bottom: 25px !important;}&#8221;][vc_custom_heading text=&#8221;Nuestra Planta Docente&#8221; font_container=&#8221;tag:h4|text_align:left&#8221; use_theme_fonts=&#8221;yes&#8221;][vc_column_text css=&#8221;.vc_custom_1532542565035{padding-right: 20px !important;}&#8221;]La Planta Docente est\u00e1 formada por 55 Profesores de consolidada formaci\u00f3n acad\u00e9mica. M\u00e1s informaci\u00f3n en la siguiente p\u00e1gina: <a href=\"http:\/\/laprovidenciaovalle.cl\/colegio\/colegio-info\/equipos\/\">Equipos y Docentes<\/a>.<\/p>\n<p>Adem\u00e1s, las alumnas reciben atenci\u00f3n personalizada de:<\/p>\n<ul>\n<li>Sacerdotes<\/li>\n<li>Religiosas<\/li>\n<li>Orientadora<\/li>\n<li>Psic\u00f3logas<\/li>\n<\/ul>\n<p>[\/vc_column_text][\/vc_column][vc_column width=&#8221;1\/2&#8243;][vc_single_image image=&#8221;1587&#8243; img_size=&#8221;full&#8221; css=&#8221;.vc_custom_1520368124367{margin-bottom: 25px !important;}&#8221;][vc_custom_heading text=&#8221;Actividades curriculares de Libre Elecci\u00f3n (ACLES)&#8221; font_container=&#8221;tag:h4|text_align:left&#8221; use_theme_fonts=&#8221;yes&#8221;][vc_column_text css=&#8221;.vc_custom_1532987726055{padding-right: 20px !important;}&#8221;]<\/p>\n<ul>\n<li>Coro instrumental<\/li>\n<li>Danza folcl\u00f3rica<\/li>\n<li>B\u00e1squetbol<\/li>\n<li>Defensa Personal<\/li>\n<li>F\u00fatbol<\/li>\n<li>Tenis de Mesa<\/li>\n<li>Voleibol<\/li>\n<\/ul>\n<p>Puedes encontrar m\u00e1s informaci\u00f3n en la siguiente p\u00e1gina: <a href=\"http:\/\/laprovidenciaovalle.cl\/colegio\/colegio-info\/areas\/acles\/\">ACLES<\/a>.[\/vc_column_text][\/vc_column][\/vc_row]<\/p>\n","protected":false},"excerpt":{"rendered":"<p>[vc_row][vc_column][vc_custom_heading text=&#8221;Nuestro Colegio&#8221; use_theme_fonts=&#8221;yes&#8221;][vc_row_inner][vc_column_inner][vc_column_text]Somos un Colegio Cat\u00f3lico perteneciente a la Fundaci\u00f3n educacional Colegio la Providencia de Ovalle. Nuestra misi\u00f3n es colaborar con las familias en el crecimiento integral de sus hijas egresadas de octavos a\u00f1os b\u00e1sicos, provenientes de diferentes comunas, entreg\u00e1ndoles una formaci\u00f3n t\u00e9cnico-profesional de excelencia y gui\u00e1ndolas en su formaci\u00f3n humana, acad\u00e9mica y espiritual, para que mejoren sus condiciones&nbsp;<a href=\"http:\/\/laprovidenciaovalle.cl\/colegio\/colegio-info\/\">[&hellip;]<\/a><\/p>\n","protected":false},"author":2,"featured_media":0,"parent":0,"menu_order":0,"comment_status":"closed","ping_status":"closed","template":"template-sidebar-left-childpages.php","meta":[],"yoast_head":"<!-- This site is optimized with the Yoast SEO plugin v15.2 - https:\/\/yoast.com\/wordpress\/plugins\/seo\/ -->\n<title>Colegio - Colegio La Providencia<\/title>\n<meta name=\"robots\" content=\"index, follow, max-snippet:-1, max-image-preview:large, max-video-preview:-1\" \/>\n<link rel=\"canonical\" href=\"http:\/\/laprovidenciaovalle.cl\/colegio\/colegio-info\/\" \/>\n<meta property=\"og:locale\" content=\"es_ES\" \/>\n<meta property=\"og:type\" content=\"article\" \/>\n<meta property=\"og:title\" content=\"Colegio - Colegio La Providencia\" \/>\n<meta property=\"og:description\" content=\"[vc_row][vc_column][vc_custom_heading text=&#8221;Nuestro Colegio&#8221; use_theme_fonts=&#8221;yes&#8221;][vc_row_inner][vc_column_inner][vc_column_text]Somos un Colegio Cat\u00f3lico perteneciente a la Fundaci\u00f3n educacional Colegio la Providencia de Ovalle. Nuestra misi\u00f3n es colaborar con las familias en el crecimiento integral de sus hijas egresadas de octavos a\u00f1os b\u00e1sicos, provenientes de diferentes comunas, entreg\u00e1ndoles una formaci\u00f3n t\u00e9cnico-profesional de excelencia y gui\u00e1ndolas en su formaci\u00f3n humana, acad\u00e9mica y espiritual, para que mejoren sus condiciones&nbsp;[&hellip;]\" \/>\n<meta property=\"og:url\" content=\"http:\/\/laprovidenciaovalle.cl\/colegio\/colegio-info\/\" \/>\n<meta property=\"og:site_name\" content=\"Colegio La Providencia\" \/>\n<meta property=\"article:modified_time\" content=\"2019-12-12T17:33:43+00:00\" \/>\n<meta name=\"twitter:card\" content=\"summary_large_image\" \/>\n<meta name=\"twitter:label1\" value=\"Escrito por\">\n\t<meta name=\"twitter:data1\" value=\"Juan Tapia\">\n\t<meta name=\"twitter:label2\" value=\"Tiempo de lectura\">\n\t<meta name=\"twitter:data2\" value=\"2 minutos\">\n<script type=\"application\/ld+json\" class=\"yoast-schema-graph\">{\"@context\":\"https:\/\/schema.org\",\"@graph\":[{\"@type\":\"WebSite\",\"@id\":\"http:\/\/laprovidenciaovalle.cl\/colegio\/#website\",\"url\":\"http:\/\/laprovidenciaovalle.cl\/colegio\/\",\"name\":\"Colegio La Providencia\",\"description\":\"Ovalle\",\"potentialAction\":[{\"@type\":\"SearchAction\",\"target\":\"http:\/\/laprovidenciaovalle.cl\/colegio\/?s={search_term_string}\",\"query-input\":\"required name=search_term_string\"}],\"inLanguage\":\"es\"},{\"@type\":\"WebPage\",\"@id\":\"http:\/\/laprovidenciaovalle.cl\/colegio\/colegio-info\/#webpage\",\"url\":\"http:\/\/laprovidenciaovalle.cl\/colegio\/colegio-info\/\",\"name\":\"Colegio - Colegio La Providencia\",\"isPartOf\":{\"@id\":\"http:\/\/laprovidenciaovalle.cl\/colegio\/#website\"},\"datePublished\":\"2016-03-29T12:38:57+00:00\",\"dateModified\":\"2019-12-12T17:33:43+00:00\",\"inLanguage\":\"es\",\"potentialAction\":[{\"@type\":\"ReadAction\",\"target\":[\"http:\/\/laprovidenciaovalle.cl\/colegio\/colegio-info\/\"]}]}]}<\/script>\n<!-- \/ Yoast SEO plugin. -->","_links":{"self":[{"href":"http:\/\/laprovidenciaovalle.cl\/colegio\/wp-json\/wp\/v2\/pages\/584"}],"collection":[{"href":"http:\/\/laprovidenciaovalle.cl\/colegio\/wp-json\/wp\/v2\/pages"}],"about":[{"href":"http:\/\/laprovidenciaovalle.cl\/colegio\/wp-json\/wp\/v2\/types\/page"}],"author":[{"embeddable":true,"href":"http:\/\/laprovidenciaovalle.cl\/colegio\/wp-json\/wp\/v2\/users\/2"}],"replies":[{"embeddable":true,"href":"http:\/\/laprovidenciaovalle.cl\/colegio\/wp-json\/wp\/v2\/comments?post=584"}],"version-history":[{"count":32,"href":"http:\/\/laprovidenciaovalle.cl\/colegio\/wp-json\/wp\/v2\/pages\/584\/revisions"}],"predecessor-version":[{"id":2533,"href":"http:\/\/laprovidenciaovalle.cl\/colegio\/wp-json\/wp\/v2\/pages\/584\/revisions\/2533"}],"wp:attachment":[{"href":"http:\/\/laprovidenciaovalle.cl\/colegio\/wp-json\/wp\/v2\/media?parent=584"}],"curies":[{"name":"wp","href":"https:\/\/api.w.org\/{rel}","templated":true}]}}