{"id":700,"date":"2016-03-31T10:56:08","date_gmt":"2016-03-31T10:56:08","guid":{"rendered":"http:\/\/schooltime.aislinthemes.com\/?page_id=700"},"modified":"2025-11-18T13:20:58","modified_gmt":"2025-11-18T16:20:58","slug":"documentos","status":"publish","type":"page","link":"http:\/\/laprovidenciaovalle.cl\/colegio\/colegio-info\/documentos\/","title":{"rendered":"Documentos"},"content":{"rendered":"<p>[vc_row][vc_column css=&#8221;.vc_custom_1459848263527{margin-bottom: 0px !important;}&#8221;][vc_separator color=&#8221;custom&#8221; align=&#8221;align_left&#8221; border_width=&#8221;2&#8243; accent_color=&#8221;#ad1925&#8243; css=&#8221;.vc_custom_1513188586099{margin-bottom: 0px !important;}&#8221;][vc_single_image image=&#8221;5534&#8243; img_size=&#8221;full&#8221; alignment=&#8221;center&#8221; css=&#8221;.vc_custom_1641393876626{margin-bottom: 0px !important;}&#8221;]\n\t\t<div class=\"wh-content-box vc_custom_1512679314747 \" >\n\t\t\t\n\t\t\t[vc_custom_heading text=&#8221;Proyecto Educativo Institucional 2023 &#8211; 2026&#8243; font_container=&#8221;tag:h4|text_align:left&#8221; use_theme_fonts=&#8221;yes&#8221; css=&#8221;.vc_custom_1710249985099{margin-top: 10px !important;}&#8221; link=&#8221;url:http%3A%2F%2Flaprovidenciaovalle.cl%2Fcolegio%2Fwp-content%2Fuploads%2F2024%2F03%2FPEI-2023-2026.pdf||target:%20_blank|&#8221;][vc_column_text][\/vc_column_text]\n\t\t\t\t\t<a\n\t\t\t\thref=\"http:\/\/laprovidenciaovalle.cl\/colegio\/wp-content\/uploads\/2024\/03\/PEI-2023-2026.pdf\"\n\t\t\t\tclass=\"wh-button\"\n\t\t\t\t\t\t\t\t\t\t\t\t\ttarget=\" _blank\"\n\t\t\t\t\t\t\t\t\t\t\t\t> Descargar<\/a>\n\t\t\n\t\t\t\t<\/div>\n\n\n\n\t\t[\/vc_column][\/vc_row][vc_row gap=&#8221;35&#8243;][vc_column width=&#8221;1\/2&#8243; css=&#8221;.vc_custom_1459422866800{padding-right: 0px !important;padding-left: 0px !important;}&#8221;][vc_separator color=&#8221;custom&#8221; border_width=&#8221;2&#8243; accent_color=&#8221;#ad1925&#8243; css=&#8221;.vc_custom_1513187082261{margin-bottom: 0px !important;}&#8221;][vc_single_image image=&#8221;17847&#8243; img_size=&#8221;full&#8221; css=&#8221;.vc_custom_1754485937483{margin-bottom: 0px !important;}&#8221;]\n\t\t<div class=\"wh-content-box vc_custom_1513189074800 \" >\n\t\t\t\n\t\t\t[vc_custom_heading text=&#8221;Reglamentos&#8221; font_container=&#8221;tag:h4|text_align:left&#8221; use_theme_fonts=&#8221;yes&#8221; css=&#8221;.vc_custom_1512594064585{margin-top: 10px !important;}&#8221;][vc_column_text css=&#8221;.vc_custom_1762860942517{margin-bottom: 20px !important;}&#8221;]<\/p>\n<ul>\n<li><a href=\"http:\/\/laprovidenciaovalle.cl\/colegio\/wp-content\/uploads\/2025\/11\/RICE-2025-OCTUBRE-2025.pdf\">RICE 2025 &#8211; Reglamento Interno de Convivencia Escolar<\/a><\/li>\n<li><a href=\"http:\/\/laprovidenciaovalle.cl\/colegio\/wp-content\/uploads\/2025\/08\/REGLAMENTO-DE-EVALUACION-2025-oficial.pdf\">Reglamento de Evaluaci\u00f3n, calificaci\u00f3n y Promoci\u00f3n Escolar 2025<\/a><\/li>\n<li><a href=\"http:\/\/laprovidenciaovalle.cl\/colegio\/wp-content\/uploads\/2024\/06\/RICE-2024-con-MODIFICACIONES.pdf\">RICE 2024 &#8211; Reglamento Interno de Convivencia Escolar<\/a><\/li>\n<li><a href=\"http:\/\/laprovidenciaovalle.cl\/colegio\/wp-content\/uploads\/2025\/11\/Reglamento-TP-2025-FINAL.pdf\">Reglamento de Pr\u00e1ctica y Titulaci\u00f3n 2025<\/a><\/li>\n<li><a href=\"http:\/\/laprovidenciaovalle.cl\/colegio\/wp-content\/uploads\/2024\/06\/Reglamento-TP-2024-FINAL.pdf\">Reglamento de Pr\u00e1ctica y Titulaci\u00f3n 2024<\/a><\/li>\n<li><a href=\"http:\/\/laprovidenciaovalle.cl\/colegio\/wp-content\/uploads\/2024\/07\/RIOHS-2024-COLEGIO-LA-PROVIDENCIA-DE-OVALLE-1-1.pdf\">Reglamento Interno de Higiene, Orden y Seguridad 2024<\/a><\/li>\n<li><a href=\"http:\/\/laprovidenciaovalle.cl\/colegio\/wp-content\/uploads\/2024\/07\/Reglamento-Internado-Ovalle-Ano-2024.pdf\">Reglamento Interno Internado 2024<\/a><\/li>\n<li><a href=\"http:\/\/laprovidenciaovalle.cl\/colegio\/wp-content\/uploads\/2023\/04\/REGLAMENTO-ACLE-2023.pdf\">Reglamento ACLE 2023<\/a><\/li>\n<\/ul>\n<p>[\/vc_column_text]\t\t<\/div>\n\n\n\n\t\t[\/vc_column][vc_column width=&#8221;1\/2&#8243; css=&#8221;.vc_custom_1459422871717{padding-right: 0px !important;padding-left: 0px !important;}&#8221;][vc_separator color=&#8221;custom&#8221; border_width=&#8221;2&#8243; accent_color=&#8221;#ad1925&#8243; css=&#8221;.vc_custom_1513187120692{margin-bottom: 0px !important;}&#8221;][vc_single_image image=&#8221;11908&#8243; img_size=&#8221;full&#8221; css=&#8221;.vc_custom_1710250264624{margin-bottom: 0px !important;}&#8221;]\n\t\t<div class=\"wh-content-box vc_custom_1513189280422 \" >\n\t\t\t\n\t\t\t[vc_custom_heading text=&#8221;Manuales&#8221; font_container=&#8221;tag:h4|text_align:left&#8221; use_theme_fonts=&#8221;yes&#8221; css=&#8221;.vc_custom_1512594842717{margin-top: 10px !important;}&#8221;][vc_column_text css=&#8221;.vc_custom_1762860576145{margin-bottom: 20px !important;}&#8221;]<\/p>\n<ul>\n<li><a href=\"http:\/\/laprovidenciaovalle.cl\/colegio\/wp-content\/uploads\/2025\/11\/PLAN-DE-GESTION-DE-CONVIVENCIA-ESCOLAR-2025.docx\">Plan de Gesti\u00f3n de Convivencia Escolar 2025<\/a><\/li>\n<li><a href=\"http:\/\/laprovidenciaovalle.cl\/colegio\/wp-content\/uploads\/2025\/11\/Plan-de-formacion-ciudadana-2025.docx\">Plan de Formaci\u00f3n Ciudadana 2025<\/a><\/li>\n<li><a href=\"http:\/\/laprovidenciaovalle.cl\/colegio\/wp-content\/uploads\/2025\/11\/plan-afectividad-sexualidad-y-genero-revisado-2025.docx\">Plan de Afectividad, Sexualidad y G\u00e9nero 2025<\/a><\/li>\n<li><a href=\"http:\/\/laprovidenciaovalle.cl\/colegio\/wp-content\/uploads\/2024\/06\/PLAN-DE-CONVIVENCIA-ESCOLAR-2024.pdf\">Plan de Gesti\u00f3n de la Convivencia Escolar 2024<\/a><\/li>\n<li><a href=\"http:\/\/laprovidenciaovalle.cl\/colegio\/wp-content\/uploads\/2022\/03\/RICE-Ovalle-actualizacion-2022.pdf\">Manual de Convivencia Escolar (RICE) 2022<\/a><\/li>\n<li><a href=\"http:\/\/laprovidenciaovalle.cl\/colegio\/wp-content\/uploads\/2022\/03\/Protocolo-estudiantes-Trans.pdf\">Protocolo que garantiza la Protecci\u00f3n al Derecho de Identidad de ni\u00f1os, ni\u00f1as y estudiantes Trans en el \u00e1mbito Educacional<\/a>.<\/li>\n<li><a href=\"http:\/\/laprovidenciaovalle.cl\/colegio\/wp-content\/uploads\/2022\/04\/PROTOCOLO-PREVENCION-Y-ACTUACION-RELATIVO-A-LA-SALUD-MENTAL-1dire.pdf\">Protocolo prevenci\u00f3n y actuaci\u00f3n relativo a la salud mental<\/a><\/li>\n<\/ul>\n<p>[\/vc_column_text][vc_column_text css=&#8221;.vc_custom_1647342476854{margin-bottom: 20px !important;}&#8221;][\/vc_column_text]\t\t<\/div>\n\n\n\n\t\t[\/vc_column][\/vc_row][vc_row gap=&#8221;35&#8243;][vc_column width=&#8221;1\/2&#8243; css=&#8221;.vc_custom_1459422866800{padding-right: 0px !important;padding-left: 0px !important;}&#8221;][vc_separator color=&#8221;custom&#8221; border_width=&#8221;2&#8243; accent_color=&#8221;#ad1925&#8243; css=&#8221;.vc_custom_1513187130471{margin-bottom: 0px !important;}&#8221;][vc_single_image image=&#8221;18585&#8243; img_size=&#8221;full&#8221; css=&#8221;.vc_custom_1754485844825{margin-bottom: 0px !important;}&#8221;]\n\t\t<div class=\"wh-content-box vc_custom_1513189494164 \" >\n\t\t\t\n\t\t\t[vc_custom_heading text=&#8221;Cuentas P\u00fablicas&#8221; font_container=&#8221;tag:h4|text_align:left&#8221; use_theme_fonts=&#8221;yes&#8221; css=&#8221;.vc_custom_1512595328635{margin-top: 10px !important;}&#8221;][vc_column_text css=&#8221;.vc_custom_1763482855638{margin-bottom: 20px !important;}&#8221;]<\/p>\n<ul>\n<li><a href=\"http:\/\/laprovidenciaovalle.cl\/colegio\/wp-content\/uploads\/2025\/11\/CUENTA-PUBLICA-2.pdf\">Cuenta P\u00fablica 2024 (2025)<\/a><\/li>\n<li><a href=\"http:\/\/laprovidenciaovalle.cl\/colegio\/wp-content\/uploads\/2024\/06\/CUENTA-PUBLICA-2023-2024.pdf\">Cuenta P\u00fablica 2023 (2024)<\/a><\/li>\n<li><a href=\"http:\/\/laprovidenciaovalle.cl\/colegio\/wp-content\/uploads\/2023\/04\/CUENTA-PUBLICA-2023-2022.pdf\">Cuenta P\u00fablica 2021 (2022)<\/a><\/li>\n<li><a href=\"http:\/\/laprovidenciaovalle.cl\/colegio\/wp-content\/uploads\/2021\/04\/CUENTA-PUBLICA-2020-2021-leido.pdf\">Cuenta P\u00fablica 2020 (2021)<\/a><\/li>\n<li><a href=\"http:\/\/laprovidenciaovalle.cl\/colegio\/wp-content\/uploads\/2020\/04\/CUENTA-PUBLICA-20192020-jorge-gormaz-2.pdf\">Cuenta P\u00fablica 2019 (2020)<\/a><\/li>\n<li><a href=\"http:\/\/laprovidenciaovalle.cl\/colegio\/wp-content\/uploads\/2019\/05\/CUENTA-PUBLICA-2018-2019.pdf\" target=\"_blank\" rel=\"noopener noreferrer\">Cuenta P\u00fablica 2018 (2019)<\/a><\/li>\n<li><a href=\"http:\/\/laprovidenciaovalle.cl\/colegio\/wp-content\/uploads\/2018\/09\/CUENTA-P\u00daBLICA-COMPLETA-2017-2018-PDF.pdf\">Cuenta P\u00fablica 2017 (2018)<\/a><\/li>\n<\/ul>\n<p>[\/vc_column_text]\t\t<\/div>\n\n\n\n\t\t[\/vc_column][vc_column width=&#8221;1\/2&#8243; css=&#8221;.vc_custom_1459422871717{padding-right: 0px !important;padding-left: 0px !important;}&#8221;][vc_separator color=&#8221;custom&#8221; border_width=&#8221;2&#8243; accent_color=&#8221;#ad1925&#8243; css=&#8221;.vc_custom_1513187144328{margin-bottom: 0px !important;}&#8221;][vc_single_image image=&#8221;18506&#8243; img_size=&#8221;full&#8221; css=&#8221;.vc_custom_1754485864162{margin-bottom: 0px !important;}&#8221;]\n\t\t<div class=\"wh-content-box vc_custom_1513189509696 \" >\n\t\t\t\n\t\t\t[vc_custom_heading text=&#8221;Protocolos\/ Documentos&#8221; font_container=&#8221;tag:h4|text_align:left&#8221; use_theme_fonts=&#8221;yes&#8221; css=&#8221;.vc_custom_1727092293387{margin-top: 10px !important;}&#8221;][vc_column_text css=&#8221;.vc_custom_1727093052347{margin-bottom: 20px !important;}&#8221;]<\/p>\n<ul>\n<li><a href=\"http:\/\/laprovidenciaovalle.cl\/colegio\/wp-content\/uploads\/2024\/07\/PROTOCOLOS-RICE-2024-1.pdf\">Protocolos RICE 2024<\/a><\/li>\n<li><a href=\"http:\/\/laprovidenciaovalle.cl\/colegio\/wp-content\/uploads\/2023\/06\/PROTOCOLO-SOBRE-PROTECCION-A-LA-IDENTIDAD-DE-GENEROS.docx\">Protocolo sobre Identidad de G\u00e9nero<\/a><\/li>\n<li><a href=\"http:\/\/laprovidenciaovalle.cl\/colegio\/wp-content\/uploads\/2023\/06\/PROTOCOLO-VULNERACION-DE-DERECHOS.docx\">Protocolo de Vulneraci\u00f3n de Derechos<\/a><\/li>\n<li><a href=\"http:\/\/laprovidenciaovalle.cl\/colegio\/wp-content\/uploads\/2023\/06\/PROTOCOLO-ANTE-SALIDAS-PEDAGOGICAS.docx\">Protocolo ante Salidas Pedag\u00f3gicas<\/a><\/li>\n<li><a href=\"http:\/\/laprovidenciaovalle.cl\/colegio\/wp-content\/uploads\/2023\/06\/PROTOCOLO-DE-MALTRATO-ACOSO-ESCOLAR-BULLYNG.docx\">Protocolo de Maltrato, Acoso Escolar y Bullyng<\/a><\/li>\n<li><a href=\"http:\/\/laprovidenciaovalle.cl\/colegio\/wp-content\/uploads\/2023\/06\/PROTOCOLO-DE-SOBRE-ATENCION-Y-ABORDAJE-ANTE-SITUACIONES-DE-DESREGULACION-EMOCIONAL.docx\">Protocolo sobre Atenci\u00f3n y Abordaje ante situaciones de Desregulaci\u00f3n Emocional<\/a><\/li>\n<li><a href=\"http:\/\/laprovidenciaovalle.cl\/colegio\/wp-content\/uploads\/2023\/06\/PROTOCOLO-FRENTE-ACCIDENTES-ESCOLARES-Y-PLAN-INTEGRAL-DE-SEGURIDAD-ESCOLAR.docx\">Protocolo frente a Accidentes Escolares y Plan Integral de Seguridad Escolar<\/a><\/li>\n<li><a href=\"http:\/\/laprovidenciaovalle.cl\/colegio\/wp-content\/uploads\/2023\/06\/PROTOCOLO-ANTE-EL-CONSUMO-DE-DROGAS-Y-ALCOHOL.docx\">Protocolo ante el Consumo de Drogas y Alcohol<\/a><\/li>\n<li><a href=\"http:\/\/laprovidenciaovalle.cl\/colegio\/wp-content\/uploads\/2023\/06\/PROTOCOLO-SOBRE-PREVENCION-Y-ACTUACION-RELATIVO-A-CONDUCTAS-DE-IDEACION-SUICIDA-1.docx\">Protocolo sobre Prevenci\u00f3n y Actuaci\u00f3n relativo a Conductas de Identidad Suicida<\/a><\/li>\n<li><a href=\"http:\/\/laprovidenciaovalle.cl\/colegio\/wp-content\/uploads\/2024\/09\/INFO-TEA.pdf\">Ley TEA N\u00b021.545 en Educaci\u00f3n<\/a><\/li>\n<li><a href=\"http:\/\/laprovidenciaovalle.cl\/colegio\/wp-content\/uploads\/2024\/09\/https___www.supereduc.cl_wp-content_uploads_2023_12_Circular-Ley-de-autismo.pdf\">Circular Ley de Autismo<\/a><\/li>\n<li><a href=\"http:\/\/laprovidenciaovalle.cl\/colegio\/wp-content\/uploads\/2024\/09\/LEY-TEA.pdf\">Informaci\u00f3n TEA<\/a><\/li>\n<\/ul>\n<p>[\/vc_column_text]\t\t<\/div>\n\n\n\n\t\t[\/vc_column][\/vc_row][vc_row][vc_column css=&#8221;.vc_custom_1571413538824{margin-top: 20px !important;}&#8221;][vc_single_image image=&#8221;9081&#8243; img_size=&#8221;full&#8221; onclick=&#8221;custom_link&#8221; link=&#8221;http:\/\/laprovidenciaovalle.cl\/colegio\/wp-content\/uploads\/2023\/04\/PEP-2022-version_digital.pdf&#8221;][\/vc_column][\/vc_row][vc_row css=&#8221;.vc_custom_1532545301297{margin-top: 20px !important;}&#8221;][vc_column css=&#8221;.vc_custom_1459848263527{margin-bottom: 0px !important;}&#8221;]\n\t\t<div class=\"wh-content-box vc_custom_1532545419805 \" >\n\t\t\t\n\t\t\t[vc_custom_heading text=&#8221;Otros Planes y Proyectos&#8221; font_container=&#8221;tag:h4|text_align:left&#8221; use_theme_fonts=&#8221;yes&#8221; css=&#8221;.vc_custom_1532546833309{margin-top: 10px !important;}&#8221;][vc_column_text]<\/p>\n<h5>2023 &#8211; 2026<\/h5>\n<ul>\n<li><a href=\"http:\/\/laprovidenciaovalle.cl\/colegio\/wp-content\/uploads\/2024\/03\/PEI-2023-2026.pdf\">Proyecto Educativo Providencia<\/a><\/li>\n<\/ul>\n<p><strong>2025<\/strong><\/p>\n<ul>\n<li><a href=\"http:\/\/laprovidenciaovalle.cl\/colegio\/wp-content\/uploads\/2025\/07\/Proceso-Electividad-de-especialidades-Colegio-La-Providencia-Ovalle.docx\">Proceso de Postulaci\u00f3n y Selecci\u00f3n de Especialidades TP<\/a><\/li>\n<li><a href=\"http:\/\/laprovidenciaovalle.cl\/colegio\/wp-content\/uploads\/2025\/08\/Plan-de-formacion-ciudadana-2025-1.pdf\">Plan de Formaci\u00f3n Ciudadana 2025<\/a><\/li>\n<\/ul>\n<h5>2023<\/h5>\n<ul>\n<li><a href=\"http:\/\/laprovidenciaovalle.cl\/colegio\/wp-content\/uploads\/2023\/04\/PLAN-DE-DESARROLLO-PROFESIONAL-DOCENTE-2023-1.pdf\">Plan Desarrollo Profesional Docente 2023<\/a><\/li>\n<li><a href=\"http:\/\/laprovidenciaovalle.cl\/colegio\/wp-content\/uploads\/2023\/04\/PISE-2023-LA-PROVIDENCIA-OVALLE.pdf\">Plan de Seguridad (P.I.S.E) 2023<\/a><\/li>\n<li><a href=\"http:\/\/laprovidenciaovalle.cl\/colegio\/wp-content\/uploads\/2023\/04\/PLAN-DE-FORMACION-CIUDADANA-2023.pdf\">Plan de Formaci\u00f3n Ciudadana 2023<\/a><\/li>\n<li><a href=\"http:\/\/laprovidenciaovalle.cl\/colegio\/wp-content\/uploads\/2023\/04\/Plan-de-Sexualidad-afectividad-y-Genero-2.pdf\">Plan de Sexualidad, Afectividad y G\u00e9nero 2023<\/a><\/li>\n<\/ul>\n<p>[\/vc_column_text]\t\t<\/div>\n\n\n\n\t\t[\/vc_column][\/vc_row]<\/p>\n","protected":false},"excerpt":{"rendered":"<p>[vc_row][vc_column css=&#8221;.vc_custom_1459848263527{margin-bottom: 0px !important;}&#8221;][vc_separator color=&#8221;custom&#8221; align=&#8221;align_left&#8221; border_width=&#8221;2&#8243; accent_color=&#8221;#ad1925&#8243; css=&#8221;.vc_custom_1513188586099{margin-bottom: 0px !important;}&#8221;][vc_single_image image=&#8221;5534&#8243; img_size=&#8221;full&#8221; alignment=&#8221;center&#8221; css=&#8221;.vc_custom_1641393876626{margin-bottom: 0px !important;}&#8221;][\/vc_column][\/vc_row][vc_row gap=&#8221;35&#8243;][vc_column width=&#8221;1\/2&#8243; css=&#8221;.vc_custom_1459422866800{padding-right: 0px !important;padding-left: 0px !important;}&#8221;][vc_separator color=&#8221;custom&#8221; border_width=&#8221;2&#8243; accent_color=&#8221;#ad1925&#8243; css=&#8221;.vc_custom_1513187082261{margin-bottom: 0px !important;}&#8221;][vc_single_image image=&#8221;17847&#8243; img_size=&#8221;full&#8221; css=&#8221;.vc_custom_1754485937483{margin-bottom: 0px !important;}&#8221;][\/vc_column][vc_column width=&#8221;1\/2&#8243; css=&#8221;.vc_custom_1459422871717{padding-right: 0px !important;padding-left: 0px !important;}&#8221;][vc_separator color=&#8221;custom&#8221; border_width=&#8221;2&#8243; accent_color=&#8221;#ad1925&#8243; css=&#8221;.vc_custom_1513187120692{margin-bottom: 0px !important;}&#8221;][vc_single_image image=&#8221;11908&#8243; img_size=&#8221;full&#8221; css=&#8221;.vc_custom_1710250264624{margin-bottom: 0px !important;}&#8221;][\/vc_column][\/vc_row][vc_row gap=&#8221;35&#8243;][vc_column width=&#8221;1\/2&#8243; css=&#8221;.vc_custom_1459422866800{padding-right: 0px !important;padding-left: 0px !important;}&#8221;][vc_separator color=&#8221;custom&#8221;&nbsp;<a href=\"http:\/\/laprovidenciaovalle.cl\/colegio\/colegio-info\/documentos\/\">[&hellip;]<\/a><\/p>\n","protected":false},"author":2,"featured_media":0,"parent":584,"menu_order":6,"comment_status":"closed","ping_status":"closed","template":"template-sidebar-left-childpages.php","meta":[],"yoast_head":"<!-- This site is optimized with the Yoast SEO plugin v15.2 - https:\/\/yoast.com\/wordpress\/plugins\/seo\/ -->\n<title>Documentos - Colegio La Providencia<\/title>\n<meta name=\"robots\" content=\"index, follow, max-snippet:-1, max-image-preview:large, max-video-preview:-1\" \/>\n<link rel=\"canonical\" href=\"https:\/\/laprovidenciaovalle.cl\/colegio\/colegio-info\/documentos\/\" \/>\n<meta property=\"og:locale\" content=\"es_ES\" \/>\n<meta property=\"og:type\" content=\"article\" \/>\n<meta property=\"og:title\" content=\"Documentos - Colegio La Providencia\" \/>\n<meta property=\"og:description\" content=\"[vc_row][vc_column css=&#8221;.vc_custom_1459848263527{margin-bottom: 0px !important;}&#8221;][vc_separator color=&#8221;custom&#8221; align=&#8221;align_left&#8221; border_width=&#8221;2&#8243; accent_color=&#8221;#ad1925&#8243; css=&#8221;.vc_custom_1513188586099{margin-bottom: 0px !important;}&#8221;][vc_single_image image=&#8221;5534&#8243; img_size=&#8221;full&#8221; alignment=&#8221;center&#8221; css=&#8221;.vc_custom_1641393876626{margin-bottom: 0px !important;}&#8221;][\/vc_column][\/vc_row][vc_row gap=&#8221;35&#8243;][vc_column width=&#8221;1\/2&#8243; css=&#8221;.vc_custom_1459422866800{padding-right: 0px !important;padding-left: 0px !important;}&#8221;][vc_separator color=&#8221;custom&#8221; border_width=&#8221;2&#8243; accent_color=&#8221;#ad1925&#8243; css=&#8221;.vc_custom_1513187082261{margin-bottom: 0px !important;}&#8221;][vc_single_image image=&#8221;17847&#8243; img_size=&#8221;full&#8221; css=&#8221;.vc_custom_1754485937483{margin-bottom: 0px !important;}&#8221;][\/vc_column][vc_column width=&#8221;1\/2&#8243; css=&#8221;.vc_custom_1459422871717{padding-right: 0px !important;padding-left: 0px !important;}&#8221;][vc_separator color=&#8221;custom&#8221; border_width=&#8221;2&#8243; accent_color=&#8221;#ad1925&#8243; css=&#8221;.vc_custom_1513187120692{margin-bottom: 0px !important;}&#8221;][vc_single_image image=&#8221;11908&#8243; img_size=&#8221;full&#8221; css=&#8221;.vc_custom_1710250264624{margin-bottom: 0px !important;}&#8221;][\/vc_column][\/vc_row][vc_row gap=&#8221;35&#8243;][vc_column width=&#8221;1\/2&#8243; css=&#8221;.vc_custom_1459422866800{padding-right: 0px !important;padding-left: 0px !important;}&#8221;][vc_separator color=&#8221;custom&#8221;&nbsp;[&hellip;]\" \/>\n<meta property=\"og:url\" content=\"https:\/\/laprovidenciaovalle.cl\/colegio\/colegio-info\/documentos\/\" \/>\n<meta property=\"og:site_name\" content=\"Colegio La Providencia\" \/>\n<meta property=\"article:modified_time\" content=\"2025-11-18T16:20:58+00:00\" \/>\n<meta name=\"twitter:card\" content=\"summary_large_image\" \/>\n<meta name=\"twitter:label1\" value=\"Escrito por\">\n\t<meta name=\"twitter:data1\" value=\"Juan Tapia\">\n\t<meta name=\"twitter:label2\" value=\"Tiempo de lectura\">\n\t<meta name=\"twitter:data2\" value=\"5 minutos\">\n<script type=\"application\/ld+json\" class=\"yoast-schema-graph\">{\"@context\":\"https:\/\/schema.org\",\"@graph\":[{\"@type\":\"WebSite\",\"@id\":\"https:\/\/laprovidenciaovalle.cl\/colegio\/#website\",\"url\":\"https:\/\/laprovidenciaovalle.cl\/colegio\/\",\"name\":\"Colegio La Providencia\",\"description\":\"Ovalle\",\"potentialAction\":[{\"@type\":\"SearchAction\",\"target\":\"https:\/\/laprovidenciaovalle.cl\/colegio\/?s={search_term_string}\",\"query-input\":\"required name=search_term_string\"}],\"inLanguage\":\"es\"},{\"@type\":\"WebPage\",\"@id\":\"https:\/\/laprovidenciaovalle.cl\/colegio\/colegio-info\/documentos\/#webpage\",\"url\":\"https:\/\/laprovidenciaovalle.cl\/colegio\/colegio-info\/documentos\/\",\"name\":\"Documentos - Colegio La Providencia\",\"isPartOf\":{\"@id\":\"https:\/\/laprovidenciaovalle.cl\/colegio\/#website\"},\"datePublished\":\"2016-03-31T10:56:08+00:00\",\"dateModified\":\"2025-11-18T16:20:58+00:00\",\"inLanguage\":\"es\",\"potentialAction\":[{\"@type\":\"ReadAction\",\"target\":[\"https:\/\/laprovidenciaovalle.cl\/colegio\/colegio-info\/documentos\/\"]}]}]}<\/script>\n<!-- \/ Yoast SEO plugin. -->","_links":{"self":[{"href":"http:\/\/laprovidenciaovalle.cl\/colegio\/wp-json\/wp\/v2\/pages\/700"}],"collection":[{"href":"http:\/\/laprovidenciaovalle.cl\/colegio\/wp-json\/wp\/v2\/pages"}],"about":[{"href":"http:\/\/laprovidenciaovalle.cl\/colegio\/wp-json\/wp\/v2\/types\/page"}],"author":[{"embeddable":true,"href":"http:\/\/laprovidenciaovalle.cl\/colegio\/wp-json\/wp\/v2\/users\/2"}],"replies":[{"embeddable":true,"href":"http:\/\/laprovidenciaovalle.cl\/colegio\/wp-json\/wp\/v2\/comments?post=700"}],"version-history":[{"count":181,"href":"http:\/\/laprovidenciaovalle.cl\/colegio\/wp-json\/wp\/v2\/pages\/700\/revisions"}],"predecessor-version":[{"id":22120,"href":"http:\/\/laprovidenciaovalle.cl\/colegio\/wp-json\/wp\/v2\/pages\/700\/revisions\/22120"}],"up":[{"embeddable":true,"href":"http:\/\/laprovidenciaovalle.cl\/colegio\/wp-json\/wp\/v2\/pages\/584"}],"wp:attachment":[{"href":"http:\/\/laprovidenciaovalle.cl\/colegio\/wp-json\/wp\/v2\/media?parent=700"}],"curies":[{"name":"wp","href":"https:\/\/api.w.org\/{rel}","templated":true}]}}