{"id":763,"date":"2016-03-31T12:23:07","date_gmt":"2016-03-31T12:23:07","guid":{"rendered":"http:\/\/schooltime.aislinthemes.com\/?page_id=763"},"modified":"2023-07-24T12:16:01","modified_gmt":"2023-07-24T16:16:01","slug":"enfermeria","status":"publish","type":"page","link":"http:\/\/laprovidenciaovalle.cl\/colegio\/especialidades\/enfermeria\/","title":{"rendered":"Atenci\u00f3n de Enfermer\u00eda"},"content":{"rendered":"<p>[vc_row][vc_column width=&#8221;1\/2&#8243; css=&#8221;.vc_custom_1459847629856{margin-bottom: 0px !important;}&#8221;][vc_column_text css=&#8221;.vc_custom_1689871727081{padding-right: 20px !important;}&#8221;]<\/p>\n<h3>Atenci\u00f3n de Enfermer\u00eda.<\/h3>\n<p>Contexto de la especialidad<br \/>\nLa enfermer\u00eda es una de las actividades m\u00e1s antiguas y nobles dentro del campo de la salud. La desempe\u00f1an profesionales y t\u00e9cnicos que act\u00faan en forma colaborativa, con diversos niveles de formaci\u00f3n y responsabilidad en pos de preservar la salud de la persona. Su esencia es cuidar integralmente y mantener la salud de la persona enferma, del adulto mayor, de las familias y de la comunidad, satisfaciendo los requerimientos de atenci\u00f3n y<br \/>\nbienestar de los individuos y promoviendo su autocuidado. La necesidad de los servicios de enfermer\u00eda es universal, debido a su rol fundamental no solo frente al individuo enfermo, sino tambi\u00e9n respecto del fomento y la promoci\u00f3n de la salud de la poblaci\u00f3n.<\/p>\n<p>La sociedad requiere confiar plenamente en los conocimientos, habilidades y actitudes del personal que practica esta disciplina en los lugares m\u00e1s remotos, pues se trata de una actividad de servicio en la que es fundamental el respeto a la vida, a la dignidad y a los derechos de las personas.[\/vc_column_text][\/vc_column][vc_column width=&#8221;1\/2&#8243;][vc_single_image image=&#8221;1500&#8243; img_size=&#8221;full&#8221; onclick=&#8221;link_image&#8221;][\/vc_column][\/vc_row][vc_row][vc_column width=&#8221;1\/2&#8243; css=&#8221;.vc_custom_1459847672941{margin-bottom: 0px !important;}&#8221;][vc_column_text css=&#8221;.vc_custom_1690208381832{padding-right: 20px !important;}&#8221;]En el \u00e1mbito de la salud, la sociedad contempor\u00e1nea se caracteriza por cambios tecnol\u00f3gicos veloces y continuos, avances cient\u00edficos de gran impacto, variaciones demogr\u00e1ficas y en los estilos de vida que tienen profundos efectos, tanto positivos como negativos, en la salud y la vida de los seres humanos. Esto \u00faltimo ha incidido en una alta y creciente demanda de expertos en el \u00e1rea de salud, espec\u00edficamente en el \u00e1mbito de la enfermer\u00eda, tanto a nivel t\u00e9cnico como profesional, debido a que pueden dar una respuesta integral a las necesidades sanitarias de las personas, sus familias y la comunidad de la que forman parte.<br \/>\nLos aspectos relacionados con las t\u00e9cnicas b\u00e1sicas de enfermer\u00eda han sido estudiados y validados por diferentes profesionales a nivel mundial. Por lo mismo, se cuenta con procesos espec\u00edficos y est\u00e1ndares internacionales. Sin embargo, los cuidados deben darse, adem\u00e1s, en un ambiente de afecto y respeto, particularmente cuando se atiende a una persona enferma o a un adulto mayor. En casos de condici\u00f3n de \u201cminusval\u00eda\u201d, la trascendencia que adquiere la tarea desarrollada por quien se encuentra a su cuidado es de gran relevancia. En ocasiones, la t\u00e9cnico medio de enfermer\u00eda tiene que cumplir el rol de \u201crepresentante\u201d del paciente o del adulto mayor en torno a sus necesidades m\u00e1s b\u00e1sicas y fundamentales (confort, aseo, seguridad, etc.), ya que este no consigue hacerlo a ra\u00edz de la patolog\u00eda o la p\u00e9rdida de capacidades y de autonom\u00eda que lo aqueja; por lo tanto, cumple con el deber \u00e9tico de cuidarlo. Es importante que la t\u00e9cnico de nivel medio en Atenci\u00f3n de Enfermer\u00eda comprenda este concepto, ya que posee un respaldo disciplinario que permitir\u00e1 lograr una atenci\u00f3n de alta calidad con est\u00e1ndares locales, nacionales e internacionales.<\/p>\n<p>La formaci\u00f3n de t\u00e9cnicos de Atenci\u00f3n de Enfermer\u00eda responde a la necesidad de recursos humanos del sistema de salud p\u00fablico y privado calificados para formar parte de equipos multidisciplinarios en las redes asistenciales de salud de atenci\u00f3n primaria, secundaria y terciaria, como hospitales, cl\u00ednicas, centros de salud familiar, entre otros. En ellos, se espera que apliquen cuidados de enfermer\u00eda a lo largo de todo el ciclo vital, con orientaci\u00f3n a la promoci\u00f3n, prevenci\u00f3n, recuperaci\u00f3n y rehabilitaci\u00f3n de la salud.<\/p>\n<p>Las estudiantes egresadas de la especialidad de Atenci\u00f3n de Enfermer\u00eda con menci\u00f3n de Enfermer\u00eda, podr\u00e1n desempe\u00f1arse en establecimientos asistenciales, de servicios p\u00fablicos y privados, de distintos niveles de complejidad, como por ejemplo: establecimientos de atenci\u00f3n primaria, hospitales y cl\u00ednicas de atenci\u00f3n secundaria y terciaria; centros de atenci\u00f3n ambulatoria; atenci\u00f3n domiciliaria; centros ubicados en empresas e instituciones<br \/>\neducativas, entre otros.<\/p>\n<p><strong>Perfil de egreso de la especialidad<\/strong><\/p>\n<p><em>Objetivos de aprendizaje de la especialidad<\/em><\/p>\n<p>Objetivos de Aprendizaje de la Especialidad Seg\u00fan Decreto Supremo N\u00b0 452\/2013, este es el listado \u00fanico de Objetivos de Aprendizaje de la Especialidad Atenci\u00f3n de Enfermer\u00eda para el plan com\u00fan:<\/p>\n<p>1. Aplicar cuidados b\u00e1sicos de enfermer\u00eda, higiene y confort a personas en distintas etapas del ciclo vital, de acuerdo a principios t\u00e9cnicos y protocolos establecidos, brindando un trato digno, acogedor y coherente con los derechos y deberes del paciente.<br \/>\n2. Medir, controlar y registrar par\u00e1metros de salud de los pacientes, como peso, talla, temperatura, signos vitales y presi\u00f3n arterial, aplicando instrumentos de medici\u00f3n apropiados.<br \/>\n3. Aplicar estrategias de promoci\u00f3n de salud, prevenci\u00f3n de enfermedades, h\u00e1bitos de alimentaci\u00f3n saludable para fomentar una vida adecuada para la familia y comunidad de acuerdo a modelos definidos por las pol\u00edticas de salud.<br \/>\n4. Mantener las condiciones sanitarias y de seguridad en las dependencias donde se encuentran las personas bajo su cuidado, de acuerdo a las normas sanitarias y de seguridad vigentes.<br \/>\n5. Contribuir a la prevenci\u00f3n y control de infecciones en las personas bajo su cuidado, aplicando normas de asepsia y antisepsia.<br \/>\n6. Registrar informaci\u00f3n, en forma digital y manual, relativa al control de salud de las personas bajo su cuidado, y relativa a procedimientos administrativos de ingreso, permanencia y egreso de establecimientos de salud o estad\u00eda, resguardando la privacidad de las personas.<\/p>\n<p><strong>Objetivos de aprendizaje de la menci\u00f3n enfermer\u00eda<\/strong><\/p>\n<p>Al egreso de la Educaci\u00f3n Media T\u00e9cnico-Profesional, las estudiantes habr\u00e1n desarrollado las siguientes competencias asociadas a la menci\u00f3n:<\/p>\n<p>1. Realizar acciones de apoyo al tratamiento y rehabilitaci\u00f3n de la salud a pacientes pedi\u00e1tricos y adultos, ambulatorios y hospitalizados, como controlar signos vitales, tomar muestras para ex\u00e1menes de laboratorio, administrar medicamentos por diferentes v\u00edas (intramuscular, endovenosa, piel y mucosas), hacer curaciones b\u00e1sicas, de acuerdo con protocolos establecidos y las indicaciones de profesionales del \u00e1rea m\u00e9dica.<\/p>\n<p>2. Monitorear e informar al personal de salud el estado de pacientes que se encuentran en condiciones cr\u00edticas de salud o con procedimientos invasivos, conforme a procedimientos establecidos y las indicaciones entregadas por el profesional m\u00e9dico o de enfermer\u00eda.<\/p>\n<p>3. Preparar las instalaciones, equipos, instrumentos e insumos para la atenci\u00f3n de salud de acuerdo al tipo de procedimiento a realizar y a las indicaciones entregadas por los profesionales cl\u00ednicos, teniendo en consideraci\u00f3n principios de asepsia y antisepsia, de seguridad y prevenci\u00f3n de riesgos biom\u00e9dicos.<\/p>\n<p><img loading=\"lazy\" class=\"alignnone wp-image-11094 size-full\" src=\"http:\/\/laprovidenciaovalle.cl\/colegio\/wp-content\/uploads\/2023\/07\/917ccf04-db79-4c06-868c-72e8cae84e0e.png\" alt=\"\" width=\"1009\" height=\"857\" srcset=\"http:\/\/laprovidenciaovalle.cl\/colegio\/wp-content\/uploads\/2023\/07\/917ccf04-db79-4c06-868c-72e8cae84e0e.png 1009w, http:\/\/laprovidenciaovalle.cl\/colegio\/wp-content\/uploads\/2023\/07\/917ccf04-db79-4c06-868c-72e8cae84e0e-300x255.png 300w, http:\/\/laprovidenciaovalle.cl\/colegio\/wp-content\/uploads\/2023\/07\/917ccf04-db79-4c06-868c-72e8cae84e0e-768x652.png 768w, http:\/\/laprovidenciaovalle.cl\/colegio\/wp-content\/uploads\/2023\/07\/917ccf04-db79-4c06-868c-72e8cae84e0e-150x127.png 150w\" sizes=\"(max-width: 1009px) 100vw, 1009px\" \/>[\/vc_column_text][\/vc_column][vc_column width=&#8221;1\/2&#8243;][vc_single_image image=&#8221;1836&#8243; img_size=&#8221;large&#8221; onclick=&#8221;link_image&#8221;][\/vc_column][\/vc_row][vc_row][vc_column width=&#8221;1\/2&#8243;][vc_single_image image=&#8221;11103&#8243; img_size=&#8221;full&#8221; onclick=&#8221;link_image&#8221;][\/vc_column][\/vc_row]<\/p>\n","protected":false},"excerpt":{"rendered":"<p>[vc_row][vc_column width=&#8221;1\/2&#8243; css=&#8221;.vc_custom_1459847629856{margin-bottom: 0px !important;}&#8221;][vc_column_text css=&#8221;.vc_custom_1689871727081{padding-right: 20px !important;}&#8221;] Atenci\u00f3n de Enfermer\u00eda. Contexto de la especialidad La enfermer\u00eda es una de las actividades m\u00e1s antiguas y nobles dentro del campo de la salud. La desempe\u00f1an profesionales y t\u00e9cnicos que act\u00faan en forma colaborativa, con diversos niveles de formaci\u00f3n y responsabilidad en pos de preservar la salud de la persona. Su esencia&nbsp;<a href=\"http:\/\/laprovidenciaovalle.cl\/colegio\/especialidades\/enfermeria\/\">[&hellip;]<\/a><\/p>\n","protected":false},"author":2,"featured_media":0,"parent":757,"menu_order":0,"comment_status":"closed","ping_status":"closed","template":"template-sidebar-left-childpages.php","meta":[],"yoast_head":"<!-- This site is optimized with the Yoast SEO plugin v15.2 - https:\/\/yoast.com\/wordpress\/plugins\/seo\/ -->\n<title>Atenci\u00f3n de Enfermer\u00eda - Colegio La Providencia<\/title>\n<meta name=\"robots\" content=\"index, follow, max-snippet:-1, max-image-preview:large, max-video-preview:-1\" \/>\n<link rel=\"canonical\" href=\"http:\/\/laprovidenciaovalle.cl\/colegio\/especialidades\/enfermeria\/\" \/>\n<meta property=\"og:locale\" content=\"es_ES\" \/>\n<meta property=\"og:type\" content=\"article\" \/>\n<meta property=\"og:title\" content=\"Atenci\u00f3n de Enfermer\u00eda - Colegio La Providencia\" \/>\n<meta property=\"og:description\" content=\"[vc_row][vc_column width=&#8221;1\/2&#8243; css=&#8221;.vc_custom_1459847629856{margin-bottom: 0px !important;}&#8221;][vc_column_text css=&#8221;.vc_custom_1689871727081{padding-right: 20px !important;}&#8221;] Atenci\u00f3n de Enfermer\u00eda. Contexto de la especialidad La enfermer\u00eda es una de las actividades m\u00e1s antiguas y nobles dentro del campo de la salud. La desempe\u00f1an profesionales y t\u00e9cnicos que act\u00faan en forma colaborativa, con diversos niveles de formaci\u00f3n y responsabilidad en pos de preservar la salud de la persona. Su esencia&nbsp;[&hellip;]\" \/>\n<meta property=\"og:url\" content=\"http:\/\/laprovidenciaovalle.cl\/colegio\/especialidades\/enfermeria\/\" \/>\n<meta property=\"og:site_name\" content=\"Colegio La Providencia\" \/>\n<meta property=\"article:modified_time\" content=\"2023-07-24T16:16:01+00:00\" \/>\n<meta property=\"og:image\" content=\"http:\/\/laprovidenciaovalle.cl\/colegio\/wp-content\/uploads\/2023\/07\/917ccf04-db79-4c06-868c-72e8cae84e0e.png\" \/>\n<meta name=\"twitter:card\" content=\"summary_large_image\" \/>\n<meta name=\"twitter:label1\" value=\"Escrito por\">\n\t<meta name=\"twitter:data1\" value=\"Juan Tapia\">\n\t<meta name=\"twitter:label2\" value=\"Tiempo de lectura\">\n\t<meta name=\"twitter:data2\" value=\"5 minutos\">\n<script type=\"application\/ld+json\" class=\"yoast-schema-graph\">{\"@context\":\"https:\/\/schema.org\",\"@graph\":[{\"@type\":\"WebSite\",\"@id\":\"https:\/\/laprovidenciaovalle.cl\/colegio\/#website\",\"url\":\"https:\/\/laprovidenciaovalle.cl\/colegio\/\",\"name\":\"Colegio La Providencia\",\"description\":\"Ovalle\",\"potentialAction\":[{\"@type\":\"SearchAction\",\"target\":\"https:\/\/laprovidenciaovalle.cl\/colegio\/?s={search_term_string}\",\"query-input\":\"required name=search_term_string\"}],\"inLanguage\":\"es\"},{\"@type\":\"ImageObject\",\"@id\":\"http:\/\/laprovidenciaovalle.cl\/colegio\/especialidades\/enfermeria\/#primaryimage\",\"inLanguage\":\"es\",\"url\":\"http:\/\/laprovidenciaovalle.cl\/colegio\/wp-content\/uploads\/2023\/07\/917ccf04-db79-4c06-868c-72e8cae84e0e.png\",\"width\":1009,\"height\":857},{\"@type\":\"WebPage\",\"@id\":\"http:\/\/laprovidenciaovalle.cl\/colegio\/especialidades\/enfermeria\/#webpage\",\"url\":\"http:\/\/laprovidenciaovalle.cl\/colegio\/especialidades\/enfermeria\/\",\"name\":\"Atenci\\u00f3n de Enfermer\\u00eda - Colegio La Providencia\",\"isPartOf\":{\"@id\":\"https:\/\/laprovidenciaovalle.cl\/colegio\/#website\"},\"primaryImageOfPage\":{\"@id\":\"http:\/\/laprovidenciaovalle.cl\/colegio\/especialidades\/enfermeria\/#primaryimage\"},\"datePublished\":\"2016-03-31T12:23:07+00:00\",\"dateModified\":\"2023-07-24T16:16:01+00:00\",\"inLanguage\":\"es\",\"potentialAction\":[{\"@type\":\"ReadAction\",\"target\":[\"http:\/\/laprovidenciaovalle.cl\/colegio\/especialidades\/enfermeria\/\"]}]}]}<\/script>\n<!-- \/ Yoast SEO plugin. -->","_links":{"self":[{"href":"http:\/\/laprovidenciaovalle.cl\/colegio\/wp-json\/wp\/v2\/pages\/763"}],"collection":[{"href":"http:\/\/laprovidenciaovalle.cl\/colegio\/wp-json\/wp\/v2\/pages"}],"about":[{"href":"http:\/\/laprovidenciaovalle.cl\/colegio\/wp-json\/wp\/v2\/types\/page"}],"author":[{"embeddable":true,"href":"http:\/\/laprovidenciaovalle.cl\/colegio\/wp-json\/wp\/v2\/users\/2"}],"replies":[{"embeddable":true,"href":"http:\/\/laprovidenciaovalle.cl\/colegio\/wp-json\/wp\/v2\/comments?post=763"}],"version-history":[{"count":19,"href":"http:\/\/laprovidenciaovalle.cl\/colegio\/wp-json\/wp\/v2\/pages\/763\/revisions"}],"predecessor-version":[{"id":11104,"href":"http:\/\/laprovidenciaovalle.cl\/colegio\/wp-json\/wp\/v2\/pages\/763\/revisions\/11104"}],"up":[{"embeddable":true,"href":"http:\/\/laprovidenciaovalle.cl\/colegio\/wp-json\/wp\/v2\/pages\/757"}],"wp:attachment":[{"href":"http:\/\/laprovidenciaovalle.cl\/colegio\/wp-json\/wp\/v2\/media?parent=763"}],"curies":[{"name":"wp","href":"https:\/\/api.w.org\/{rel}","templated":true}]}}