{"id":1236,"date":"2017-12-14T19:31:31","date_gmt":"2017-12-14T19:31:31","guid":{"rendered":"http:\/\/laprovidenciaovalle.cl\/colegio\/?page_id=1236"},"modified":"2024-12-11T10:31:15","modified_gmt":"2024-12-11T13:31:15","slug":"evaluacion","status":"publish","type":"page","link":"https:\/\/laprovidenciaovalle.cl\/colegio\/colegio-info\/areas\/evaluacion\/","title":{"rendered":"Evaluaci\u00f3n"},"content":{"rendered":"<p>[vc_row][vc_column][vc_single_image image=&#8221;1237&#8243; img_size=&#8221;full&#8221; add_caption=&#8221;yes&#8221; title=&#8221;Sra. Mar\u00eda Eugenia Viorklumds, Evaluaci\u00f3n&#8221;][\/vc_column][\/vc_row][vc_row][vc_column][vc_column_text]<\/p>\n<ul>\n<li>Docente responsables de orientar el proceso del establecimiento, conforme a lo establecido en el Reglamento de Evaluaci\u00f3n y Promoci\u00f3n de las estudiantes y las disposiciones ministeriales respectivas.<\/li>\n<li>Debe cautelar que los instrumentos educativos midan lo que pretenden medir y es celoso guardi\u00e1n de la informaci\u00f3n evaluativa y registro en libros de clases y sistema computacional correspondiente.<br \/>\nSus funciones son:<\/li>\n<li>Animar a la Comunidad Educativa, haciendo de ella un lugar de encuentro y acogida, que propicie el crecimiento personal y comunitario de todos quienes la conforman.<\/li>\n<li>Desempe\u00f1ar sus funciones con fidelidad a la identidad del Colegio y compromiso con el PEI.<\/li>\n<li>Asesorar a los docentes en las etapas de organizaci\u00f3n, programaci\u00f3n y desarrollo de las actividades de evaluaci\u00f3n del proceso de aprendizaje.<\/li>\n<li>Orientar al profesorado hacia la correcta interpretaci\u00f3n y aplicaci\u00f3n de las normas legales y reglamentarias vigentes sobre la evaluaci\u00f3n escolar.<\/li>\n<li>\u00a0Contribuir al perfeccionamiento del personal del establecimiento en materias de evaluaci\u00f3n educacional.<\/li>\n<li>Asesorar la creaci\u00f3n, organizaci\u00f3n y funcionamiento del archivo de informaci\u00f3n curricular.<\/li>\n<li>Establecer dise\u00f1os y\/o modelos evaluativos que permitan obtener informaci\u00f3n de necesidades, proceso y producto de las acciones curriculares que se est\u00e1n realizando.<\/li>\n<li>Coordinar registro permanente de notas parciales, semestrales y anuales en libros de clases y su traspaso oportuno al Sistema Administrativo curricular.<\/li>\n<li>\u00a0Elaborar informes estad\u00edsticos trimestrales y anuales del rendimiento escolar para ser presentados a la direcci\u00f3n, equipo directivo, consejo de profesores y directiva del centro de padres, madres y apoderados.<\/li>\n<\/ul>\n<p>&nbsp;<\/p>\n<p>&nbsp;<\/p>\n<hr \/>\n<p>Ver reglamentos de evaluaci\u00f3n en la siguiente p\u00e1gina: <a href=\"http:\/\/laprovidenciaovalle.cl\/colegio\/colegio-info\/documentos\/\">Documentos<\/a>.[\/vc_column_text][\/vc_column][\/vc_row]<\/p>\n","protected":false},"excerpt":{"rendered":"<p>[vc_row][vc_column][vc_single_image image=&#8221;1237&#8243; img_size=&#8221;full&#8221; add_caption=&#8221;yes&#8221; title=&#8221;Sra. Mar\u00eda Eugenia Viorklumds, Evaluaci\u00f3n&#8221;][\/vc_column][\/vc_row][vc_row][vc_column][vc_column_text] Docente responsables de orientar el proceso del establecimiento, conforme a lo establecido en el Reglamento de Evaluaci\u00f3n y Promoci\u00f3n de las estudiantes y las disposiciones ministeriales respectivas. Debe cautelar que los instrumentos educativos midan lo que pretenden medir y es celoso guardi\u00e1n de la informaci\u00f3n evaluativa y registro en libros de&nbsp;<a href=\"https:\/\/laprovidenciaovalle.cl\/colegio\/colegio-info\/areas\/evaluacion\/\">[&hellip;]<\/a><\/p>\n","protected":false},"author":2,"featured_media":0,"parent":1791,"menu_order":3,"comment_status":"closed","ping_status":"closed","template":"template-sidebar-left-childpages.php","meta":[],"yoast_head":"<!-- This site is optimized with the Yoast SEO plugin v15.2 - https:\/\/yoast.com\/wordpress\/plugins\/seo\/ -->\n<title>Evaluaci\u00f3n - Colegio La Providencia<\/title>\n<meta name=\"robots\" content=\"index, follow, max-snippet:-1, max-image-preview:large, max-video-preview:-1\" \/>\n<link rel=\"canonical\" href=\"http:\/\/laprovidenciaovalle.cl\/colegio\/colegio-info\/areas\/evaluacion\/\" \/>\n<meta property=\"og:locale\" content=\"es_ES\" \/>\n<meta property=\"og:type\" content=\"article\" \/>\n<meta property=\"og:title\" content=\"Evaluaci\u00f3n - Colegio La Providencia\" \/>\n<meta property=\"og:description\" content=\"[vc_row][vc_column][vc_single_image image=&#8221;1237&#8243; img_size=&#8221;full&#8221; add_caption=&#8221;yes&#8221; title=&#8221;Sra. Mar\u00eda Eugenia Viorklumds, Evaluaci\u00f3n&#8221;][\/vc_column][\/vc_row][vc_row][vc_column][vc_column_text] Docente responsables de orientar el proceso del establecimiento, conforme a lo establecido en el Reglamento de Evaluaci\u00f3n y Promoci\u00f3n de las estudiantes y las disposiciones ministeriales respectivas. Debe cautelar que los instrumentos educativos midan lo que pretenden medir y es celoso guardi\u00e1n de la informaci\u00f3n evaluativa y registro en libros de&nbsp;[&hellip;]\" \/>\n<meta property=\"og:url\" content=\"http:\/\/laprovidenciaovalle.cl\/colegio\/colegio-info\/areas\/evaluacion\/\" \/>\n<meta property=\"og:site_name\" content=\"Colegio La Providencia\" \/>\n<meta property=\"article:modified_time\" content=\"2024-12-11T13:31:15+00:00\" \/>\n<meta name=\"twitter:card\" content=\"summary_large_image\" \/>\n<meta name=\"twitter:label1\" value=\"Escrito por\">\n\t<meta name=\"twitter:data1\" value=\"Juan Tapia\">\n\t<meta name=\"twitter:label2\" value=\"Tiempo de lectura\">\n\t<meta name=\"twitter:data2\" value=\"1 minuto\">\n<script type=\"application\/ld+json\" class=\"yoast-schema-graph\">{\"@context\":\"https:\/\/schema.org\",\"@graph\":[{\"@type\":\"WebSite\",\"@id\":\"http:\/\/laprovidenciaovalle.cl\/colegio\/#website\",\"url\":\"http:\/\/laprovidenciaovalle.cl\/colegio\/\",\"name\":\"Colegio La Providencia\",\"description\":\"Ovalle\",\"potentialAction\":[{\"@type\":\"SearchAction\",\"target\":\"http:\/\/laprovidenciaovalle.cl\/colegio\/?s={search_term_string}\",\"query-input\":\"required name=search_term_string\"}],\"inLanguage\":\"es\"},{\"@type\":\"WebPage\",\"@id\":\"http:\/\/laprovidenciaovalle.cl\/colegio\/colegio-info\/areas\/evaluacion\/#webpage\",\"url\":\"http:\/\/laprovidenciaovalle.cl\/colegio\/colegio-info\/areas\/evaluacion\/\",\"name\":\"Evaluaci\\u00f3n - Colegio La Providencia\",\"isPartOf\":{\"@id\":\"http:\/\/laprovidenciaovalle.cl\/colegio\/#website\"},\"datePublished\":\"2017-12-14T19:31:31+00:00\",\"dateModified\":\"2024-12-11T13:31:15+00:00\",\"inLanguage\":\"es\",\"potentialAction\":[{\"@type\":\"ReadAction\",\"target\":[\"http:\/\/laprovidenciaovalle.cl\/colegio\/colegio-info\/areas\/evaluacion\/\"]}]}]}<\/script>\n<!-- \/ Yoast SEO plugin. -->","_links":{"self":[{"href":"https:\/\/laprovidenciaovalle.cl\/colegio\/wp-json\/wp\/v2\/pages\/1236"}],"collection":[{"href":"https:\/\/laprovidenciaovalle.cl\/colegio\/wp-json\/wp\/v2\/pages"}],"about":[{"href":"https:\/\/laprovidenciaovalle.cl\/colegio\/wp-json\/wp\/v2\/types\/page"}],"author":[{"embeddable":true,"href":"https:\/\/laprovidenciaovalle.cl\/colegio\/wp-json\/wp\/v2\/users\/2"}],"replies":[{"embeddable":true,"href":"https:\/\/laprovidenciaovalle.cl\/colegio\/wp-json\/wp\/v2\/comments?post=1236"}],"version-history":[{"count":18,"href":"https:\/\/laprovidenciaovalle.cl\/colegio\/wp-json\/wp\/v2\/pages\/1236\/revisions"}],"predecessor-version":[{"id":17165,"href":"https:\/\/laprovidenciaovalle.cl\/colegio\/wp-json\/wp\/v2\/pages\/1236\/revisions\/17165"}],"up":[{"embeddable":true,"href":"https:\/\/laprovidenciaovalle.cl\/colegio\/wp-json\/wp\/v2\/pages\/1791"}],"wp:attachment":[{"href":"https:\/\/laprovidenciaovalle.cl\/colegio\/wp-json\/wp\/v2\/media?parent=1236"}],"curies":[{"name":"wp","href":"https:\/\/api.w.org\/{rel}","templated":true}]}}