{"id":1246,"date":"2017-12-14T19:57:01","date_gmt":"2017-12-14T19:57:01","guid":{"rendered":"http:\/\/laprovidenciaovalle.cl\/colegio\/?page_id=1246"},"modified":"2024-11-25T08:26:32","modified_gmt":"2024-11-25T11:26:32","slug":"apoyo-psicologico","status":"publish","type":"page","link":"https:\/\/laprovidenciaovalle.cl\/colegio\/colegio-info\/areas\/apoyo-psicologico\/","title":{"rendered":"Apoyo Psicol\u00f3gico"},"content":{"rendered":"<p>[vc_row 0=&#8221;&#8221;][vc_column 0=&#8221;&#8221;][vc_column_text 0=&#8221;&#8221;]<img loading=\"lazy\" class=\"alignnone wp-image-14972 size-large\" src=\"http:\/\/laprovidenciaovalle.cl\/colegio\/wp-content\/uploads\/2024\/07\/IMG_1948-1024x683.jpg\" alt=\"\" width=\"1024\" height=\"683\" srcset=\"https:\/\/laprovidenciaovalle.cl\/colegio\/wp-content\/uploads\/2024\/07\/IMG_1948-1024x683.jpg 1024w, https:\/\/laprovidenciaovalle.cl\/colegio\/wp-content\/uploads\/2024\/07\/IMG_1948-300x200.jpg 300w, https:\/\/laprovidenciaovalle.cl\/colegio\/wp-content\/uploads\/2024\/07\/IMG_1948-768x512.jpg 768w, https:\/\/laprovidenciaovalle.cl\/colegio\/wp-content\/uploads\/2024\/07\/IMG_1948-1536x1024.jpg 1536w, https:\/\/laprovidenciaovalle.cl\/colegio\/wp-content\/uploads\/2024\/07\/IMG_1948-2048x1365.jpg 2048w, https:\/\/laprovidenciaovalle.cl\/colegio\/wp-content\/uploads\/2024\/07\/IMG_1948-150x100.jpg 150w\" sizes=\"(max-width: 1024px) 100vw, 1024px\" \/><\/p>\n<p>El \u00e1rea de psicolog\u00eda en el colegio tiene como objetivo la reflexi\u00f3n, orientaci\u00f3n e intervenci\u00f3n sobre el quehacer educativo, proporcionando conocimientos basados en la investigaci\u00f3n psicol\u00f3gica, mediante el desarrollo de las capacidades de las personas, grupos y estamentos que conforman nuestra comunidad. Para lo cual nos enfocamos en proporcionar un apoyo integral, dando importancia al desarrollo global de nuestras alumnas, realizando un trabajo mancomunado con la Direcci\u00f3n, Departamento de Orientaci\u00f3n, Inspector\u00eda y profesorado en general.<\/p>\n<h2>Funciones<\/h2>\n<h4>Atenci\u00f3n de estudiantes: Ser part\u00edcipe de las necesidades educativas de las estudiantes, detectando y previniendo problem\u00e1ticas funcionales, ps\u00edquicas y sociales que tengan lugar en el \u00e1mbito escolar.<\/h4>\n<p>Orientaci\u00f3n, asesoramiento y vocaci\u00f3n: Promover y participar en la organizaci\u00f3n, orientaci\u00f3n y desarrollo de los lineamientos tendientes a proporcionar informaci\u00f3n adecuada a las alumnas ante las opciones a futuro, ya sean educativas o profesionales; as\u00ed mismo elaborar m\u00e9todos de ayuda que colaboren con este proceso, tendientes a desarrollar competencias personales que puedan clarificar sus proyectos vocacionales y profesionales.<\/p>\n<p>Preventiva: Proponer condiciones para un mejor desarrollo de las capacidades educativas, ya sea mediante la detecci\u00f3n de problemas educativos concretos como tambi\u00e9n dando asesoramiento a los agentes educativos.<\/p>\n<p>Asesoramiento familiar: Organizar la formaci\u00f3n e informaci\u00f3n a madres, padres y tutores de las estudiantes en una l\u00ednea de apoyo al desarrollo integral de sus hijas.<\/p>\n<h2>Equipo Psic\u00f3logas<\/h2>\n<h3>Srta. Daniela C\u00e1ceres<\/h3>\n<h3>Srta. Claudia Ibacache<\/h3>\n<p>[\/vc_column_text][\/vc_column][\/vc_row]<\/p>\n","protected":false},"excerpt":{"rendered":"<p>[vc_row 0=&#8221;&#8221;][vc_column 0=&#8221;&#8221;][vc_column_text 0=&#8221;&#8221;] El \u00e1rea de psicolog\u00eda en el colegio tiene como objetivo la reflexi\u00f3n, orientaci\u00f3n e intervenci\u00f3n sobre el quehacer educativo, proporcionando conocimientos basados en la investigaci\u00f3n psicol\u00f3gica, mediante el desarrollo de las capacidades de las personas, grupos y estamentos que conforman nuestra comunidad. Para lo cual nos enfocamos en proporcionar un apoyo integral, dando importancia al desarrollo&nbsp;<a href=\"https:\/\/laprovidenciaovalle.cl\/colegio\/colegio-info\/areas\/apoyo-psicologico\/\">[&hellip;]<\/a><\/p>\n","protected":false},"author":2,"featured_media":0,"parent":1791,"menu_order":5,"comment_status":"closed","ping_status":"closed","template":"template-sidebar-left-childpages.php","meta":[],"yoast_head":"<!-- This site is optimized with the Yoast SEO plugin v15.2 - https:\/\/yoast.com\/wordpress\/plugins\/seo\/ -->\n<title>Apoyo Psicol\u00f3gico - Colegio La Providencia<\/title>\n<meta name=\"robots\" content=\"index, follow, max-snippet:-1, max-image-preview:large, max-video-preview:-1\" \/>\n<link rel=\"canonical\" href=\"https:\/\/laprovidenciaovalle.cl\/colegio\/colegio-info\/areas\/apoyo-psicologico\/\" \/>\n<meta property=\"og:locale\" content=\"es_ES\" \/>\n<meta property=\"og:type\" content=\"article\" \/>\n<meta property=\"og:title\" content=\"Apoyo Psicol\u00f3gico - Colegio La Providencia\" \/>\n<meta property=\"og:description\" content=\"[vc_row 0=&#8221;&#8221;][vc_column 0=&#8221;&#8221;][vc_column_text 0=&#8221;&#8221;] El \u00e1rea de psicolog\u00eda en el colegio tiene como objetivo la reflexi\u00f3n, orientaci\u00f3n e intervenci\u00f3n sobre el quehacer educativo, proporcionando conocimientos basados en la investigaci\u00f3n psicol\u00f3gica, mediante el desarrollo de las capacidades de las personas, grupos y estamentos que conforman nuestra comunidad. Para lo cual nos enfocamos en proporcionar un apoyo integral, dando importancia al desarrollo&nbsp;[&hellip;]\" \/>\n<meta property=\"og:url\" content=\"https:\/\/laprovidenciaovalle.cl\/colegio\/colegio-info\/areas\/apoyo-psicologico\/\" \/>\n<meta property=\"og:site_name\" content=\"Colegio La Providencia\" \/>\n<meta property=\"article:modified_time\" content=\"2024-11-25T11:26:32+00:00\" \/>\n<meta property=\"og:image\" content=\"http:\/\/laprovidenciaovalle.cl\/colegio\/wp-content\/uploads\/2024\/07\/IMG_1948-1024x683.jpg\" \/>\n<meta name=\"twitter:card\" content=\"summary_large_image\" \/>\n<meta name=\"twitter:label1\" value=\"Escrito por\">\n\t<meta name=\"twitter:data1\" value=\"Juan Tapia\">\n\t<meta name=\"twitter:label2\" value=\"Tiempo de lectura\">\n\t<meta name=\"twitter:data2\" value=\"1 minuto\">\n<script type=\"application\/ld+json\" class=\"yoast-schema-graph\">{\"@context\":\"https:\/\/schema.org\",\"@graph\":[{\"@type\":\"WebSite\",\"@id\":\"https:\/\/laprovidenciaovalle.cl\/colegio\/#website\",\"url\":\"https:\/\/laprovidenciaovalle.cl\/colegio\/\",\"name\":\"Colegio La Providencia\",\"description\":\"Ovalle\",\"potentialAction\":[{\"@type\":\"SearchAction\",\"target\":\"https:\/\/laprovidenciaovalle.cl\/colegio\/?s={search_term_string}\",\"query-input\":\"required name=search_term_string\"}],\"inLanguage\":\"es\"},{\"@type\":\"ImageObject\",\"@id\":\"https:\/\/laprovidenciaovalle.cl\/colegio\/colegio-info\/areas\/apoyo-psicologico\/#primaryimage\",\"inLanguage\":\"es\",\"url\":\"http:\/\/laprovidenciaovalle.cl\/colegio\/wp-content\/uploads\/2024\/07\/IMG_1948-1024x683.jpg\"},{\"@type\":\"WebPage\",\"@id\":\"https:\/\/laprovidenciaovalle.cl\/colegio\/colegio-info\/areas\/apoyo-psicologico\/#webpage\",\"url\":\"https:\/\/laprovidenciaovalle.cl\/colegio\/colegio-info\/areas\/apoyo-psicologico\/\",\"name\":\"Apoyo Psicol\\u00f3gico - Colegio La Providencia\",\"isPartOf\":{\"@id\":\"https:\/\/laprovidenciaovalle.cl\/colegio\/#website\"},\"primaryImageOfPage\":{\"@id\":\"https:\/\/laprovidenciaovalle.cl\/colegio\/colegio-info\/areas\/apoyo-psicologico\/#primaryimage\"},\"datePublished\":\"2017-12-14T19:57:01+00:00\",\"dateModified\":\"2024-11-25T11:26:32+00:00\",\"inLanguage\":\"es\",\"potentialAction\":[{\"@type\":\"ReadAction\",\"target\":[\"https:\/\/laprovidenciaovalle.cl\/colegio\/colegio-info\/areas\/apoyo-psicologico\/\"]}]}]}<\/script>\n<!-- \/ Yoast SEO plugin. -->","_links":{"self":[{"href":"https:\/\/laprovidenciaovalle.cl\/colegio\/wp-json\/wp\/v2\/pages\/1246"}],"collection":[{"href":"https:\/\/laprovidenciaovalle.cl\/colegio\/wp-json\/wp\/v2\/pages"}],"about":[{"href":"https:\/\/laprovidenciaovalle.cl\/colegio\/wp-json\/wp\/v2\/types\/page"}],"author":[{"embeddable":true,"href":"https:\/\/laprovidenciaovalle.cl\/colegio\/wp-json\/wp\/v2\/users\/2"}],"replies":[{"embeddable":true,"href":"https:\/\/laprovidenciaovalle.cl\/colegio\/wp-json\/wp\/v2\/comments?post=1246"}],"version-history":[{"count":14,"href":"https:\/\/laprovidenciaovalle.cl\/colegio\/wp-json\/wp\/v2\/pages\/1246\/revisions"}],"predecessor-version":[{"id":16697,"href":"https:\/\/laprovidenciaovalle.cl\/colegio\/wp-json\/wp\/v2\/pages\/1246\/revisions\/16697"}],"up":[{"embeddable":true,"href":"https:\/\/laprovidenciaovalle.cl\/colegio\/wp-json\/wp\/v2\/pages\/1791"}],"wp:attachment":[{"href":"https:\/\/laprovidenciaovalle.cl\/colegio\/wp-json\/wp\/v2\/media?parent=1246"}],"curies":[{"name":"wp","href":"https:\/\/api.w.org\/{rel}","templated":true}]}}