{"id":1377,"date":"2018-01-19T12:59:10","date_gmt":"2018-01-19T15:59:10","guid":{"rendered":"http:\/\/laprovidenciaovalle.cl\/colegio\/?page_id=1377"},"modified":"2024-12-10T12:46:55","modified_gmt":"2024-12-10T15:46:55","slug":"centro-de-alumnas","status":"publish","type":"page","link":"https:\/\/laprovidenciaovalle.cl\/colegio\/colegio-info\/centro-de-alumnas\/","title":{"rendered":"Centros de Estudiantes y Padres"},"content":{"rendered":"<p>[vc_row][vc_column][vc_column_text]<\/p>\n<h2>Centro de Estudiantes<\/h2>\n<p>El Centro de estudiantes constituye la instituci\u00f3n que representa el gobierno estudiantil. Es el organismo interno que representa al estamento de las estudiantes ante las autoridades del Colegio y ante instituciones y autoridades externas, especialmente otros colegios y el Ministerio de Educaci\u00f3n.<\/p>\n<h3>Misi\u00f3n<\/h3>\n<p>Representar a todas y cada una de las alumnas del Colegio ante la Direcci\u00f3n del mismo y otras instituciones. La Directiva no solo tiene la misi\u00f3n representativa, sino ejecutiva de pol\u00edticas y acciones de servicio y apoyo a las necesidades, inquietudes y preocupaciones individuales y colectivas de las estudiantes, buscando el bien com\u00fan e integrando la expresi\u00f3n, problem\u00e1tica y celebraciones juveniles a la vida y convivencia escolar.<\/p>\n<h3>Estructura<\/h3>\n<p>En nuestro Colegio, el Centro de Estudiantes est\u00e1 estructurado por:<\/p>\n<ul>\n<li>La Asamblea General de todas las estudiantes del Colegio.<\/li>\n<li>La Asamblea de Delegadas, integrada por las Presidentas y Vice Presidentas de Curso.<\/li>\n<li>La Directiva del Centro de Estudiantes. Elegida democr\u00e1ticamente por todas las estudiantes del Colegio.<\/li>\n<li>El Centro de Estudiantes est\u00e1 adem\u00e1s asesorado por las docentes: Silvia Tello y Marlene Tello.<\/li>\n<\/ul>\n<h3>Directiva 2024<\/h3>\n<ul>\n<li><strong>Presidenta:<\/strong> Mar\u00eda Avalos Sapunar<\/li>\n<li><strong>Vicepresidenta:<\/strong> Carolina Irarrazabal<\/li>\n<li><strong>Secretaria:<\/strong> Ana Carvajal<\/li>\n<li><strong>Relacionadora P\u00fablica<\/strong>: Vaithiare Navea<\/li>\n<li><strong>Encargada de Finanzas:<\/strong> Constanza Moya<\/li>\n<li><strong>Directora de Estudios:<\/strong> Carolina Irarrazabal<\/li>\n<li><strong>Encargada de Pastoral:<\/strong> Escarleth Tello<\/li>\n<li><strong>Directora de Deporte:<\/strong> Isabel Urdaneta Perche<\/li>\n<li><strong>Eventos:<\/strong> P\u00eda Castillo<\/li>\n<\/ul>\n<div id=\"attachment_10078\" style=\"width: 2570px\" class=\"wp-caption alignnone\"><img aria-describedby=\"caption-attachment-10078\" loading=\"lazy\" class=\"wp-image-10078 size-full\" src=\"http:\/\/laprovidenciaovalle.cl\/colegio\/wp-content\/uploads\/2023\/05\/20230427_095421-scaled.jpg\" alt=\"\" width=\"2560\" height=\"1920\" srcset=\"https:\/\/laprovidenciaovalle.cl\/colegio\/wp-content\/uploads\/2023\/05\/20230427_095421-scaled.jpg 2560w, https:\/\/laprovidenciaovalle.cl\/colegio\/wp-content\/uploads\/2023\/05\/20230427_095421-300x225.jpg 300w, https:\/\/laprovidenciaovalle.cl\/colegio\/wp-content\/uploads\/2023\/05\/20230427_095421-1024x768.jpg 1024w, https:\/\/laprovidenciaovalle.cl\/colegio\/wp-content\/uploads\/2023\/05\/20230427_095421-768x576.jpg 768w, https:\/\/laprovidenciaovalle.cl\/colegio\/wp-content\/uploads\/2023\/05\/20230427_095421-1536x1152.jpg 1536w, https:\/\/laprovidenciaovalle.cl\/colegio\/wp-content\/uploads\/2023\/05\/20230427_095421-2048x1536.jpg 2048w, https:\/\/laprovidenciaovalle.cl\/colegio\/wp-content\/uploads\/2023\/05\/20230427_095421-150x113.jpg 150w\" sizes=\"(max-width: 2560px) 100vw, 2560px\" \/><p id=\"caption-attachment-10078\" class=\"wp-caption-text\">Nuevo Centro de Estudiantes 2023<\/p><\/div>\n<hr \/>\n<h1>Centro de Padres<\/h1>\n<p>Directiva del Centro General de Padres y Apoderados:<\/p>\n<ul>\n<li>Presidenta: Vanessa Torrej\u00f3n Corvacho<\/li>\n<li>Tesorera: Evelyn Urbina Godoy<\/li>\n<li>Secretaria: Andrea Elgueda Past\u00e9n<\/li>\n<li>1\u00b0 Director: C\u00e9sar Garrau Cort\u00e9s<\/li>\n<li>2\u00b0 Directora: Raffaella Castillo Cabezas<\/li>\n<li>3\u00b0 Directora: Joselin Mu\u00f1oz Mar\u00edn<\/li>\n<\/ul>\n<p>&nbsp;<\/p>\n<ul>\n<li><em><strong>El Centro General de Padres est\u00e1 asesorado por la docente y Jefa de la Especialidad de Administraci\u00f3n, Se\u00f1ora Carola Plaza.<\/strong><\/em><\/li>\n<\/ul>\n<p>&nbsp;<\/p>\n<p><img loading=\"lazy\" class=\"alignnone wp-image-17091 size-large\" src=\"http:\/\/laprovidenciaovalle.cl\/colegio\/wp-content\/uploads\/2024\/12\/IMG_8576-1-1024x683.jpg\" alt=\"\" width=\"1024\" height=\"683\" srcset=\"https:\/\/laprovidenciaovalle.cl\/colegio\/wp-content\/uploads\/2024\/12\/IMG_8576-1-1024x683.jpg 1024w, https:\/\/laprovidenciaovalle.cl\/colegio\/wp-content\/uploads\/2024\/12\/IMG_8576-1-300x200.jpg 300w, https:\/\/laprovidenciaovalle.cl\/colegio\/wp-content\/uploads\/2024\/12\/IMG_8576-1-768x512.jpg 768w, https:\/\/laprovidenciaovalle.cl\/colegio\/wp-content\/uploads\/2024\/12\/IMG_8576-1-1536x1024.jpg 1536w, https:\/\/laprovidenciaovalle.cl\/colegio\/wp-content\/uploads\/2024\/12\/IMG_8576-1-2048x1365.jpg 2048w, https:\/\/laprovidenciaovalle.cl\/colegio\/wp-content\/uploads\/2024\/12\/IMG_8576-1-150x100.jpg 150w\" sizes=\"(max-width: 1024px) 100vw, 1024px\" \/>[\/vc_column_text][\/vc_column][\/vc_row]<\/p>\n","protected":false},"excerpt":{"rendered":"<p>[vc_row][vc_column][vc_column_text] Centro de Estudiantes El Centro de estudiantes constituye la instituci\u00f3n que representa el gobierno estudiantil. Es el organismo interno que representa al estamento de las estudiantes ante las autoridades del Colegio y ante instituciones y autoridades externas, especialmente otros colegios y el Ministerio de Educaci\u00f3n. Misi\u00f3n Representar a todas y cada una de las alumnas del Colegio ante la&nbsp;<a href=\"https:\/\/laprovidenciaovalle.cl\/colegio\/colegio-info\/centro-de-alumnas\/\">[&hellip;]<\/a><\/p>\n","protected":false},"author":2,"featured_media":0,"parent":584,"menu_order":7,"comment_status":"closed","ping_status":"closed","template":"template-sidebar-left-childpages.php","meta":[],"yoast_head":"<!-- This site is optimized with the Yoast SEO plugin v15.2 - https:\/\/yoast.com\/wordpress\/plugins\/seo\/ -->\n<title>Centros de Estudiantes y Padres - Colegio La Providencia<\/title>\n<meta name=\"robots\" content=\"index, follow, max-snippet:-1, max-image-preview:large, max-video-preview:-1\" \/>\n<link rel=\"canonical\" href=\"http:\/\/laprovidenciaovalle.cl\/colegio\/colegio-info\/centro-de-alumnas\/\" \/>\n<meta property=\"og:locale\" content=\"es_ES\" \/>\n<meta property=\"og:type\" content=\"article\" \/>\n<meta property=\"og:title\" content=\"Centros de Estudiantes y Padres - Colegio La Providencia\" \/>\n<meta property=\"og:description\" content=\"[vc_row][vc_column][vc_column_text] Centro de Estudiantes El Centro de estudiantes constituye la instituci\u00f3n que representa el gobierno estudiantil. Es el organismo interno que representa al estamento de las estudiantes ante las autoridades del Colegio y ante instituciones y autoridades externas, especialmente otros colegios y el Ministerio de Educaci\u00f3n. Misi\u00f3n Representar a todas y cada una de las alumnas del Colegio ante la&nbsp;[&hellip;]\" \/>\n<meta property=\"og:url\" content=\"http:\/\/laprovidenciaovalle.cl\/colegio\/colegio-info\/centro-de-alumnas\/\" \/>\n<meta property=\"og:site_name\" content=\"Colegio La Providencia\" \/>\n<meta property=\"article:modified_time\" content=\"2024-12-10T15:46:55+00:00\" \/>\n<meta property=\"og:image\" content=\"http:\/\/laprovidenciaovalle.cl\/colegio\/wp-content\/uploads\/2023\/05\/20230427_095421-scaled.jpg\" \/>\n<meta name=\"twitter:card\" content=\"summary_large_image\" \/>\n<meta name=\"twitter:label1\" value=\"Escrito por\">\n\t<meta name=\"twitter:data1\" value=\"Juan Tapia\">\n\t<meta name=\"twitter:label2\" value=\"Tiempo de lectura\">\n\t<meta name=\"twitter:data2\" value=\"1 minuto\">\n<script type=\"application\/ld+json\" class=\"yoast-schema-graph\">{\"@context\":\"https:\/\/schema.org\",\"@graph\":[{\"@type\":\"WebSite\",\"@id\":\"http:\/\/laprovidenciaovalle.cl\/colegio\/#website\",\"url\":\"http:\/\/laprovidenciaovalle.cl\/colegio\/\",\"name\":\"Colegio La Providencia\",\"description\":\"Ovalle\",\"potentialAction\":[{\"@type\":\"SearchAction\",\"target\":\"http:\/\/laprovidenciaovalle.cl\/colegio\/?s={search_term_string}\",\"query-input\":\"required name=search_term_string\"}],\"inLanguage\":\"es\"},{\"@type\":\"ImageObject\",\"@id\":\"http:\/\/laprovidenciaovalle.cl\/colegio\/colegio-info\/centro-de-alumnas\/#primaryimage\",\"inLanguage\":\"es\",\"url\":\"http:\/\/laprovidenciaovalle.cl\/colegio\/wp-content\/uploads\/2023\/05\/20230427_095421-scaled.jpg\"},{\"@type\":\"WebPage\",\"@id\":\"http:\/\/laprovidenciaovalle.cl\/colegio\/colegio-info\/centro-de-alumnas\/#webpage\",\"url\":\"http:\/\/laprovidenciaovalle.cl\/colegio\/colegio-info\/centro-de-alumnas\/\",\"name\":\"Centros de Estudiantes y Padres - Colegio La Providencia\",\"isPartOf\":{\"@id\":\"http:\/\/laprovidenciaovalle.cl\/colegio\/#website\"},\"primaryImageOfPage\":{\"@id\":\"http:\/\/laprovidenciaovalle.cl\/colegio\/colegio-info\/centro-de-alumnas\/#primaryimage\"},\"datePublished\":\"2018-01-19T15:59:10+00:00\",\"dateModified\":\"2024-12-10T15:46:55+00:00\",\"inLanguage\":\"es\",\"potentialAction\":[{\"@type\":\"ReadAction\",\"target\":[\"http:\/\/laprovidenciaovalle.cl\/colegio\/colegio-info\/centro-de-alumnas\/\"]}]}]}<\/script>\n<!-- \/ Yoast SEO plugin. -->","_links":{"self":[{"href":"https:\/\/laprovidenciaovalle.cl\/colegio\/wp-json\/wp\/v2\/pages\/1377"}],"collection":[{"href":"https:\/\/laprovidenciaovalle.cl\/colegio\/wp-json\/wp\/v2\/pages"}],"about":[{"href":"https:\/\/laprovidenciaovalle.cl\/colegio\/wp-json\/wp\/v2\/types\/page"}],"author":[{"embeddable":true,"href":"https:\/\/laprovidenciaovalle.cl\/colegio\/wp-json\/wp\/v2\/users\/2"}],"replies":[{"embeddable":true,"href":"https:\/\/laprovidenciaovalle.cl\/colegio\/wp-json\/wp\/v2\/comments?post=1377"}],"version-history":[{"count":17,"href":"https:\/\/laprovidenciaovalle.cl\/colegio\/wp-json\/wp\/v2\/pages\/1377\/revisions"}],"predecessor-version":[{"id":17162,"href":"https:\/\/laprovidenciaovalle.cl\/colegio\/wp-json\/wp\/v2\/pages\/1377\/revisions\/17162"}],"up":[{"embeddable":true,"href":"https:\/\/laprovidenciaovalle.cl\/colegio\/wp-json\/wp\/v2\/pages\/584"}],"wp:attachment":[{"href":"https:\/\/laprovidenciaovalle.cl\/colegio\/wp-json\/wp\/v2\/media?parent=1377"}],"curies":[{"name":"wp","href":"https:\/\/api.w.org\/{rel}","templated":true}]}}