{"id":1769,"date":"2018-07-27T10:56:19","date_gmt":"2018-07-27T14:56:19","guid":{"rendered":"http:\/\/laprovidenciaovalle.cl\/colegio\/?page_id=1769"},"modified":"2025-08-04T09:34:31","modified_gmt":"2025-08-04T13:34:31","slug":"admision","status":"publish","type":"page","link":"https:\/\/laprovidenciaovalle.cl\/colegio\/colegio-info\/admision\/","title":{"rendered":"Admisi\u00f3n"},"content":{"rendered":"<p>[vc_row 0=&#8221;&#8221;][vc_column width=&#8221;1\/2&#8243;][vc_column_text 0=&#8221;&#8221;]<\/p>\n<h2>Sistema de Admisi\u00f3n Escolar 2026<\/h2>\n<p>En el contexto de la Ley de Inclusi\u00f3n Escolar y con el fin de poseer una educaci\u00f3n equitativa y de calidad, con procesos respetuosos y transparentes, nuestro colegio es parte del nuevo Sistema de Admisi\u00f3n Escolar para el a\u00f1o 2026, que dar\u00e1 a la familia la facultad de elegir el establecimiento educacional para sus hijas.<\/p>\n<p>Nuestro Colegio se encuentra adscrito a la Ley de Subvenci\u00f3n Preferencial (SEP).<\/p>\n<p>Es importante que pueda revisar el Sitio Web:\u00a0 <a href=\"https:\/\/www.sistemadeadmisionescolar.cl\/\">www.sistemadeadmisionescolar.cl<\/a> toda la informaci\u00f3n y as\u00ed pueda estar informado sobre el proceso de postulaci\u00f3n del Sistema de Admisi\u00f3n Escolar.[\/vc_column_text][\/vc_column][vc_column width=&#8221;1\/2&#8243;][vc_single_image image=&#8221;19219&#8243; img_size=&#8221;medium&#8221; onclick=&#8221;custom_link&#8221; link=&#8221;http:\/\/www.sistemadeadmisionescolar.cl\/&#8221;][\/vc_column][\/vc_row][vc_row 0=&#8221;&#8221;][vc_column width=&#8221;1\/2&#8243;][vc_column_text 0=&#8221;&#8221;]<\/p>\n<h3>Calendario de Admisi\u00f3n Escolar 2026<\/h3>\n<ul>\n<li>\n<h4>Postulaci\u00f3n:<strong> Del 5 al 28 de agosto de 2025.<\/strong><\/h4>\n<\/li>\n<\/ul>\n<p>Esta la realiza s\u00f3lo el apoderado, en la p\u00e1gina: <strong><a href=\"http:\/\/www.sistemadeadmisionescolar.cl\" target=\"_blank\" rel=\"noopener noreferrer\">www.sistemadeadmisionescolar.cl<\/a><\/strong>. All\u00ed encontrar\u00e1 toda la informaci\u00f3n pertinente al nuevo proceso de admisi\u00f3n.<\/p>\n<p>El apoderado debe seleccionar como m\u00ednimo 2 establecimientos educacionales.<\/p>\n<ul>\n<li><strong>Publicaci\u00f3n de resultados del periodo principal: Desde el 15 al 21 de Octubre de 2025.<\/strong><\/li>\n<li><strong>Publicaci\u00f3n de resultados lista de Espera: 29 y 30 de octubre de 2025<\/strong><\/li>\n<li><strong>Per\u00edodo<\/strong>\u00a0<strong>Complementario de Postulaci\u00f3n: Desde el 12 al 19 de noviembre 2025<\/strong><\/li>\n<li><strong>Resultados del Per\u00edodo Complementario: 02 de diciembre 2025<\/strong><\/li>\n<li><strong>Per\u00edodo de regularizaci\u00f3n exclusiva para repitentes: Desde el 10 al 11 de diciembre 2025<\/strong><\/li>\n<li><strong>Regularizaci\u00f3n para estudiantes sin asignaci\u00f3n o asignados por cercan\u00eda en el Periodo Complementario: Desde el 12 al 14 de diciembre 2025<\/strong><\/li>\n<li><strong>Periodo de regularizaci\u00f3n en establecimientos de la Regi\u00f3n de Coquimbo: Desde el 15 de diciembre 2025<\/strong><\/li>\n<\/ul>\n<p>[\/vc_column_text][\/vc_column][vc_column width=&#8221;1\/2&#8243;][\/vc_column][\/vc_row][vc_row 0=&#8221;&#8221;][vc_column width=&#8221;1\/2&#8243;][vc_column_text 0=&#8221;&#8221;]<\/p>\n<h3><span class=\"text_atencion\">\u00a1ATENCI\u00d3N!<\/span><\/h3>\n<p>Si obtienes una asignaci\u00f3n a un nuevo establecimiento para el a\u00f1o 2026, perder\u00e1s tu cupo en tu colegio actual para el pr\u00f3ximo a\u00f1o, independiente de si aceptas o rechazas el resultado.<\/p>\n<p>Para cambiarte de colegio durante el a\u00f1o escolar 2025, debes buscar colegios con vacantes disponibles en\u00a0<a href=\"https:\/\/vacantes.mineduc.cl\/\">vacantes.mineduc.cl<\/a>. Para solicitar una vacante, debes iniciar sesi\u00f3n en \u201c<a class=\"fw-bold\" href=\"https:\/\/registropublicodigital.mineduc.gob.cl\/rpd-app-registro-apoderado\/login\">An\u00f3tate en la Lista<\/a>\u201d, a\u00f1adir a tu estudiante y registrar tu solicitud. Recuerda que las vacantes son asignadas directamente por el establecimiento.<\/p>\n<h3>Documentos necesarios para la Matr\u00edcula<\/h3>\n<ul>\n<li>Certificado de Nacimiento.<\/li>\n<li>Certificado de Estudio. (Original).<\/li>\n<li>4 Fotograf\u00edas con uniforme, tomadas en marzo del 2025.<\/li>\n<\/ul>\n<p><em>Si el apoderado no realiza el tr\u00e1mite de matr\u00edcula, perder\u00e1 el cupo en el establecimiento.<\/em>[\/vc_column_text][\/vc_column][vc_column width=&#8221;1\/2&#8243;][\/vc_column][\/vc_row][vc_row 0=&#8221;&#8221;][vc_column 0=&#8221;&#8221;][vc_video link=&#8221;https:\/\/www.youtube.com\/watch?v=beu4FjEJY2Y&amp;t=230s&#8221;][\/vc_column][\/vc_row]<\/p>\n","protected":false},"excerpt":{"rendered":"<p>[vc_row 0=&#8221;&#8221;][vc_column width=&#8221;1\/2&#8243;][vc_column_text 0=&#8221;&#8221;] Sistema de Admisi\u00f3n Escolar 2026 En el contexto de la Ley de Inclusi\u00f3n Escolar y con el fin de poseer una educaci\u00f3n equitativa y de calidad, con procesos respetuosos y transparentes, nuestro colegio es parte del nuevo Sistema de Admisi\u00f3n Escolar para el a\u00f1o 2026, que dar\u00e1 a la familia la facultad de elegir el establecimiento&nbsp;<a href=\"https:\/\/laprovidenciaovalle.cl\/colegio\/colegio-info\/admision\/\">[&hellip;]<\/a><\/p>\n","protected":false},"author":2,"featured_media":0,"parent":584,"menu_order":11,"comment_status":"closed","ping_status":"closed","template":"template-sidebar-left-childpages.php","meta":[],"yoast_head":"<!-- This site is optimized with the Yoast SEO plugin v15.2 - https:\/\/yoast.com\/wordpress\/plugins\/seo\/ -->\n<title>Admisi\u00f3n - Colegio La Providencia<\/title>\n<meta name=\"robots\" content=\"index, follow, max-snippet:-1, max-image-preview:large, max-video-preview:-1\" \/>\n<link rel=\"canonical\" href=\"http:\/\/laprovidenciaovalle.cl\/colegio\/colegio-info\/admision\/\" \/>\n<meta property=\"og:locale\" content=\"es_ES\" \/>\n<meta property=\"og:type\" content=\"article\" \/>\n<meta property=\"og:title\" content=\"Admisi\u00f3n - Colegio La Providencia\" \/>\n<meta property=\"og:description\" content=\"[vc_row 0=&#8221;&#8221;][vc_column width=&#8221;1\/2&#8243;][vc_column_text 0=&#8221;&#8221;] Sistema de Admisi\u00f3n Escolar 2026 En el contexto de la Ley de Inclusi\u00f3n Escolar y con el fin de poseer una educaci\u00f3n equitativa y de calidad, con procesos respetuosos y transparentes, nuestro colegio es parte del nuevo Sistema de Admisi\u00f3n Escolar para el a\u00f1o 2026, que dar\u00e1 a la familia la facultad de elegir el establecimiento&nbsp;[&hellip;]\" \/>\n<meta property=\"og:url\" content=\"http:\/\/laprovidenciaovalle.cl\/colegio\/colegio-info\/admision\/\" \/>\n<meta property=\"og:site_name\" content=\"Colegio La Providencia\" \/>\n<meta property=\"article:modified_time\" content=\"2025-08-04T13:34:31+00:00\" \/>\n<meta name=\"twitter:card\" content=\"summary_large_image\" \/>\n<meta name=\"twitter:label1\" value=\"Escrito por\">\n\t<meta name=\"twitter:data1\" value=\"Juan Tapia\">\n\t<meta name=\"twitter:label2\" value=\"Tiempo de lectura\">\n\t<meta name=\"twitter:data2\" value=\"2 minutos\">\n<script type=\"application\/ld+json\" class=\"yoast-schema-graph\">{\"@context\":\"https:\/\/schema.org\",\"@graph\":[{\"@type\":\"WebSite\",\"@id\":\"https:\/\/laprovidenciaovalle.cl\/colegio\/#website\",\"url\":\"https:\/\/laprovidenciaovalle.cl\/colegio\/\",\"name\":\"Colegio La Providencia\",\"description\":\"Ovalle\",\"potentialAction\":[{\"@type\":\"SearchAction\",\"target\":\"https:\/\/laprovidenciaovalle.cl\/colegio\/?s={search_term_string}\",\"query-input\":\"required name=search_term_string\"}],\"inLanguage\":\"es\"},{\"@type\":\"WebPage\",\"@id\":\"http:\/\/laprovidenciaovalle.cl\/colegio\/colegio-info\/admision\/#webpage\",\"url\":\"http:\/\/laprovidenciaovalle.cl\/colegio\/colegio-info\/admision\/\",\"name\":\"Admisi\\u00f3n - Colegio La Providencia\",\"isPartOf\":{\"@id\":\"https:\/\/laprovidenciaovalle.cl\/colegio\/#website\"},\"datePublished\":\"2018-07-27T14:56:19+00:00\",\"dateModified\":\"2025-08-04T13:34:31+00:00\",\"inLanguage\":\"es\",\"potentialAction\":[{\"@type\":\"ReadAction\",\"target\":[\"http:\/\/laprovidenciaovalle.cl\/colegio\/colegio-info\/admision\/\"]}]}]}<\/script>\n<!-- \/ Yoast SEO plugin. -->","_links":{"self":[{"href":"https:\/\/laprovidenciaovalle.cl\/colegio\/wp-json\/wp\/v2\/pages\/1769"}],"collection":[{"href":"https:\/\/laprovidenciaovalle.cl\/colegio\/wp-json\/wp\/v2\/pages"}],"about":[{"href":"https:\/\/laprovidenciaovalle.cl\/colegio\/wp-json\/wp\/v2\/types\/page"}],"author":[{"embeddable":true,"href":"https:\/\/laprovidenciaovalle.cl\/colegio\/wp-json\/wp\/v2\/users\/2"}],"replies":[{"embeddable":true,"href":"https:\/\/laprovidenciaovalle.cl\/colegio\/wp-json\/wp\/v2\/comments?post=1769"}],"version-history":[{"count":39,"href":"https:\/\/laprovidenciaovalle.cl\/colegio\/wp-json\/wp\/v2\/pages\/1769\/revisions"}],"predecessor-version":[{"id":19222,"href":"https:\/\/laprovidenciaovalle.cl\/colegio\/wp-json\/wp\/v2\/pages\/1769\/revisions\/19222"}],"up":[{"embeddable":true,"href":"https:\/\/laprovidenciaovalle.cl\/colegio\/wp-json\/wp\/v2\/pages\/584"}],"wp:attachment":[{"href":"https:\/\/laprovidenciaovalle.cl\/colegio\/wp-json\/wp\/v2\/media?parent=1769"}],"curies":[{"name":"wp","href":"https:\/\/api.w.org\/{rel}","templated":true}]}}