{"id":647,"date":"2016-03-31T09:11:30","date_gmt":"2016-03-31T09:11:30","guid":{"rendered":"http:\/\/schooltime.aislinthemes.com\/?page_id=647"},"modified":"2023-07-25T21:54:56","modified_gmt":"2023-07-26T01:54:56","slug":"mision-y-vision","status":"publish","type":"page","link":"https:\/\/laprovidenciaovalle.cl\/colegio\/colegio-info\/mision-y-vision\/","title":{"rendered":"Misi\u00f3n y Visi\u00f3n"},"content":{"rendered":"<p>[vc_row][vc_column width=&#8221;1\/2&#8243;][vc_single_image image=&#8221;1570&#8243; img_size=&#8221;full&#8221; css=&#8221;.vc_custom_1522074315378{margin-bottom: 25px !important;}&#8221;][vc_custom_heading text=&#8221;Nuestra Misi\u00f3n Educativa&#8221; font_container=&#8221;tag:h4|text_align:left&#8221; use_theme_fonts=&#8221;yes&#8221;][vc_column_text css=&#8221;.vc_custom_1690329554995{padding-right: 20px !important;}&#8221;]El Colegio La Providencia de Ovalle potencia las competencias de sus estudiantes, en un contexto inclusivo, de aprendizaje, responsabilidad con el desarrollo sostenible, cuidado del medio ambiente, confianza y respeto que motiva la participaci\u00f3n de todos los miembros de la comunidad educativa y plasma en ellos el Sello Providencia.<\/p>\n<p>Proyectamos altas expectativas en nuestras ni\u00f1as, sobre la base del desarrollo de capacidades para enfrentar el futuro, incorporando el uso de recursos tecnol\u00f3gicos y habilidades de empleabilidad que les permita superar los desaf\u00edos siendo un aporte a la sociedad y a los ecosistemas, siempre confiados en el amor infinito de Dios Padre Providente y de Mar\u00eda Madre de Dolores.[\/vc_column_text][vc_single_image image=&#8221;5601&#8243; img_size=&#8221;full&#8221; css=&#8221;.vc_custom_1680536145796{margin-bottom: 25px !important;}&#8221;][vc_custom_heading text=&#8221;Sellos Educativos&#8221;][vc_column_text]<strong>Sello Providencia: <\/strong><\/p>\n<p>Potencia la educaci\u00f3n integral desde una cosmovisi\u00f3n cat\u00f3lica, desarrolla una actitud de confianza en el amor infinito de Dios, procura un continuo aprendizaje formativo-espiritual de todos los actores educativos y la participaci\u00f3n constante de la comunidad.<\/p>\n<p><strong>Formaci\u00f3n Ambiental: <\/strong><\/p>\n<p>Formamos personas sensibles y comprometidas con el desarrollo sustentable, aportando a la creaci\u00f3n de conciencia sobre la protecci\u00f3n del medio ambiente, la preservaci\u00f3n de la naturaleza y la conservaci\u00f3n del patrimonio ambiental. Promovemos la generaci\u00f3n de ciudadanos que participan<br \/>\nresponsablemente en la definici\u00f3n de una sociedad socio ecol\u00f3gicamente justa, que desarrollen valores como la solidaridad, respeto y austeridad, canalizando sus capacidades en direcciones que mejoren la calidad de la vida humana, respetando, al mismo tiempo, los ecosistemas que la sustentan.<\/p>\n<p><strong>Altas Expectativas en el Desarrollo Integral de las Estudiantes:<\/strong><\/p>\n<p>Fomentamos la confianza en las capacidades y habilidades de nuestras ni\u00f1as, promoviendo atribuciones causales que generen un alto nivel de expectativas que les permita actuar en pos de los desaf\u00edos y enfrentarlos con la convicci\u00f3n de que siempre hay espacio para la mejora.<\/p>\n<p><strong>Educaci\u00f3n T\u00e9cnico Profesional Providencia: <\/strong><\/p>\n<p>Entregamos profesionales comprometidos, que contribuyen con sus talentos, de manera efectiva, a la construcci\u00f3n de una sociedad justa, solidaria y fraterna. Esta formaci\u00f3n se construye articulando el dominio de las competencias propias de una especialidad con el aprendizaje de los objetivos y contenidos de la educaci\u00f3n general, desarrollando en nuestras estudiantes la curiosidad y el inter\u00e9s por aprender, orientado al logro de un proyecto de vida que contemple el desarrollo de una vocaci\u00f3n y la elecci\u00f3n de una opci\u00f3n profesional consecuente con ella.[\/vc_column_text][\/vc_column][vc_column width=&#8221;1\/2&#8243; css=&#8221;.vc_custom_1459416622945{margin-bottom: 30px !important;}&#8221;][vc_single_image image=&#8221;1563&#8243; img_size=&#8221;full&#8221; css=&#8221;.vc_custom_1520366524166{margin-bottom: 25px !important;}&#8221;][vc_custom_heading text=&#8221;Nuestra Visi\u00f3n Educativa&#8221; font_container=&#8221;tag:h4|text_align:left&#8221; use_theme_fonts=&#8221;yes&#8221;][vc_column_text css=&#8221;.vc_custom_1690329627552{padding-right: 20px !important;}&#8221;]Aspiramos a ser un colegio de excelencia que lidere la educaci\u00f3n t\u00e9cnico profesional de la ciudad de Ovalle, con altas expectativas en el desarrollo integral<br \/>\nde las estudiantes, donde prime el desarrollo de valores, competencias, h\u00e1bitos, conocimientos y \u00e9tica ambiental.<\/p>\n<p>Brindando la oportunidad de crecer en un ambiente rico en experiencias que contribuyan a su superaci\u00f3n personal, para que sean personas que aporten a la construcci\u00f3n de una sociedad que conviva en armon\u00eda y sea consecuente con la naturaleza.[\/vc_column_text][vc_single_image image=&#8221;7833&#8243; img_size=&#8221;full&#8221;][vc_custom_heading text=&#8221;Valores y Competencias&#8221;][vc_column_text]<strong>Eje Mar\u00eda madre de Dolores: <\/strong><\/p>\n<p>Tener actitudes de fortaleza, paz y compasi\u00f3n nos hace desarrollar la resiliencia, la resoluci\u00f3n de conflictos y las virtudes de humildad, sencillez y caridad.<br \/>\n<strong>Eje Dios Padre Providente:<\/strong><\/p>\n<p>La fe, la confianza y el respeto nos llevan a desarrollar la competencia de abrirnos a la presencia de Dios.<\/p>\n<p><strong>Eje Solidaridad Creativa:<\/strong><\/p>\n<p>Vivir con alegr\u00eda, compromiso y fraternidad, nos compromete a promover la reconciliaci\u00f3n e inclusividad.<\/p>\n<p><strong>Valores:<\/strong><\/p>\n<ul>\n<li>Amistad<\/li>\n<li>Respeto<\/li>\n<li>Solidaridad &#8211; Caridad<\/li>\n<li>Simplicidad<\/li>\n<li>Humildad<\/li>\n<\/ul>\n<p>[\/vc_column_text][\/vc_column][\/vc_row][vc_row][vc_column width=&#8221;1\/2&#8243;][vc_custom_heading text=&#8221;Nuestro Lema&#8221; font_container=&#8221;tag:h4|text_align:left&#8221; use_theme_fonts=&#8221;yes&#8221;][vc_column_text css=&#8221;.vc_custom_1666269170845{padding-right: 20px !important;}&#8221;]<\/p>\n<blockquote><p>&#8220;Caminemos juntos para convertir el presente, en un futuro Providente&#8221;.<\/p><\/blockquote>\n<p>[\/vc_column_text][vc_single_image image=&#8221;1533&#8243; img_size=&#8221;full&#8221; css=&#8221;.vc_custom_1520367025365{margin-bottom: 25px !important;}&#8221;][\/vc_column][\/vc_row]<\/p>\n","protected":false},"excerpt":{"rendered":"<p>[vc_row][vc_column width=&#8221;1\/2&#8243;][vc_single_image image=&#8221;1570&#8243; img_size=&#8221;full&#8221; css=&#8221;.vc_custom_1522074315378{margin-bottom: 25px !important;}&#8221;][vc_custom_heading text=&#8221;Nuestra Misi\u00f3n Educativa&#8221; font_container=&#8221;tag:h4|text_align:left&#8221; use_theme_fonts=&#8221;yes&#8221;][vc_column_text css=&#8221;.vc_custom_1690329554995{padding-right: 20px !important;}&#8221;]El Colegio La Providencia de Ovalle potencia las competencias de sus estudiantes, en un contexto inclusivo, de aprendizaje, responsabilidad con el desarrollo sostenible, cuidado del medio ambiente, confianza y respeto que motiva la participaci\u00f3n de todos los miembros de la comunidad educativa y plasma en ellos&nbsp;<a href=\"https:\/\/laprovidenciaovalle.cl\/colegio\/colegio-info\/mision-y-vision\/\">[&hellip;]<\/a><\/p>\n","protected":false},"author":2,"featured_media":0,"parent":584,"menu_order":2,"comment_status":"closed","ping_status":"closed","template":"template-sidebar-left-childpages.php","meta":[],"yoast_head":"<!-- This site is optimized with the Yoast SEO plugin v15.2 - https:\/\/yoast.com\/wordpress\/plugins\/seo\/ -->\n<title>Misi\u00f3n y Visi\u00f3n - Colegio La Providencia<\/title>\n<meta name=\"robots\" content=\"index, follow, max-snippet:-1, max-image-preview:large, max-video-preview:-1\" \/>\n<link rel=\"canonical\" href=\"https:\/\/laprovidenciaovalle.cl\/colegio\/colegio-info\/mision-y-vision\/\" \/>\n<meta property=\"og:locale\" content=\"es_ES\" \/>\n<meta property=\"og:type\" content=\"article\" \/>\n<meta property=\"og:title\" content=\"Misi\u00f3n y Visi\u00f3n - Colegio La Providencia\" \/>\n<meta property=\"og:description\" content=\"[vc_row][vc_column width=&#8221;1\/2&#8243;][vc_single_image image=&#8221;1570&#8243; img_size=&#8221;full&#8221; css=&#8221;.vc_custom_1522074315378{margin-bottom: 25px !important;}&#8221;][vc_custom_heading text=&#8221;Nuestra Misi\u00f3n Educativa&#8221; font_container=&#8221;tag:h4|text_align:left&#8221; use_theme_fonts=&#8221;yes&#8221;][vc_column_text css=&#8221;.vc_custom_1690329554995{padding-right: 20px !important;}&#8221;]El Colegio La Providencia de Ovalle potencia las competencias de sus estudiantes, en un contexto inclusivo, de aprendizaje, responsabilidad con el desarrollo sostenible, cuidado del medio ambiente, confianza y respeto que motiva la participaci\u00f3n de todos los miembros de la comunidad educativa y plasma en ellos&nbsp;[&hellip;]\" \/>\n<meta property=\"og:url\" content=\"https:\/\/laprovidenciaovalle.cl\/colegio\/colegio-info\/mision-y-vision\/\" \/>\n<meta property=\"og:site_name\" content=\"Colegio La Providencia\" \/>\n<meta property=\"article:modified_time\" content=\"2023-07-26T01:54:56+00:00\" \/>\n<meta name=\"twitter:card\" content=\"summary_large_image\" \/>\n<meta name=\"twitter:label1\" value=\"Escrito por\">\n\t<meta name=\"twitter:data1\" value=\"Juan Tapia\">\n\t<meta name=\"twitter:label2\" value=\"Tiempo de lectura\">\n\t<meta name=\"twitter:data2\" value=\"3 minutos\">\n<script type=\"application\/ld+json\" class=\"yoast-schema-graph\">{\"@context\":\"https:\/\/schema.org\",\"@graph\":[{\"@type\":\"WebSite\",\"@id\":\"http:\/\/laprovidenciaovalle.cl\/colegio\/#website\",\"url\":\"http:\/\/laprovidenciaovalle.cl\/colegio\/\",\"name\":\"Colegio La Providencia\",\"description\":\"Ovalle\",\"potentialAction\":[{\"@type\":\"SearchAction\",\"target\":\"http:\/\/laprovidenciaovalle.cl\/colegio\/?s={search_term_string}\",\"query-input\":\"required name=search_term_string\"}],\"inLanguage\":\"es\"},{\"@type\":\"WebPage\",\"@id\":\"https:\/\/laprovidenciaovalle.cl\/colegio\/colegio-info\/mision-y-vision\/#webpage\",\"url\":\"https:\/\/laprovidenciaovalle.cl\/colegio\/colegio-info\/mision-y-vision\/\",\"name\":\"Misi\\u00f3n y Visi\\u00f3n - Colegio La Providencia\",\"isPartOf\":{\"@id\":\"http:\/\/laprovidenciaovalle.cl\/colegio\/#website\"},\"datePublished\":\"2016-03-31T09:11:30+00:00\",\"dateModified\":\"2023-07-26T01:54:56+00:00\",\"inLanguage\":\"es\",\"potentialAction\":[{\"@type\":\"ReadAction\",\"target\":[\"https:\/\/laprovidenciaovalle.cl\/colegio\/colegio-info\/mision-y-vision\/\"]}]}]}<\/script>\n<!-- \/ Yoast SEO plugin. -->","_links":{"self":[{"href":"https:\/\/laprovidenciaovalle.cl\/colegio\/wp-json\/wp\/v2\/pages\/647"}],"collection":[{"href":"https:\/\/laprovidenciaovalle.cl\/colegio\/wp-json\/wp\/v2\/pages"}],"about":[{"href":"https:\/\/laprovidenciaovalle.cl\/colegio\/wp-json\/wp\/v2\/types\/page"}],"author":[{"embeddable":true,"href":"https:\/\/laprovidenciaovalle.cl\/colegio\/wp-json\/wp\/v2\/users\/2"}],"replies":[{"embeddable":true,"href":"https:\/\/laprovidenciaovalle.cl\/colegio\/wp-json\/wp\/v2\/comments?post=647"}],"version-history":[{"count":28,"href":"https:\/\/laprovidenciaovalle.cl\/colegio\/wp-json\/wp\/v2\/pages\/647\/revisions"}],"predecessor-version":[{"id":11163,"href":"https:\/\/laprovidenciaovalle.cl\/colegio\/wp-json\/wp\/v2\/pages\/647\/revisions\/11163"}],"up":[{"embeddable":true,"href":"https:\/\/laprovidenciaovalle.cl\/colegio\/wp-json\/wp\/v2\/pages\/584"}],"wp:attachment":[{"href":"https:\/\/laprovidenciaovalle.cl\/colegio\/wp-json\/wp\/v2\/media?parent=647"}],"curies":[{"name":"wp","href":"https:\/\/api.w.org\/{rel}","templated":true}]}}